{"id":14,"date":"2025-05-28T11:28:31","date_gmt":"2025-05-28T15:28:31","guid":{"rendered":"http:\/\/192.168.1.40\/cuadernillos\/?page_id=14"},"modified":"2025-09-12T10:19:45","modified_gmt":"2025-09-12T14:19:45","slug":"nivel-secundario","status":"publish","type":"page","link":"https:\/\/servicios.cnss.gob.do\/guias-educativas\/nivel-secundario\/","title":{"rendered":"Nivel Secundario"},"content":{"rendered":"\n<p>El Consejo Nacional de Seguridad Social (CNSS) ha dise\u00f1ado cuadernillos educativos para el Nivel Secundario que promueven la formaci\u00f3n de ciudadanos responsables, informando sobre la estructura del sistema y los distintos seguros que lo componen. El material, incluye actividades y lecturas dise\u00f1adas para fortalecer valores \u00e9ticos y contribuir a una sociedad m\u00e1s justa y solidaria.<br><\/p>\n\n\n<div class=\"dflip-books\"><div class=\"_df_thumb \" id=\"df_53\"  _slug=\"primer-grado-2\" data-title=\"primer-grado\" wpoptions=\"true\" thumb=\"https:\/\/servicios.cnss.gob.do\/guias-educativas\/wp-content\/uploads\/2025\/05\/1RO-CICLO-SECUNDARIA.png\" thumbtype=\"\" >Primer Grado<\/div><script class=\"df-shortcode-script\" nowprocket type=\"application\/javascript\">window.option_df_53 = {\"outline\":[],\"autoEnableOutline\":\"false\",\"autoEnableThumbnail\":\"false\",\"overwritePDFOutline\":\"false\",\"enableDownload\":\"false\",\"direction\":\"1\",\"pageSize\":\"0\",\"source\":\"https:\\\/\\\/servicios.cnss.gob.do\\\/guias-educativas\\\/wp-content\\\/uploads\\\/2025\\\/05\\\/Primer-Grado-1.pdf\",\"wpOptions\":\"true\"}; if(window.DFLIP && window.DFLIP.parseBooks){window.DFLIP.parseBooks();}<\/script><div class=\"_df_thumb \" id=\"df_56\"  _slug=\"segundo-grado-2\" data-title=\"segundo-grado\" wpoptions=\"true\" thumb=\"https:\/\/servicios.cnss.gob.do\/guias-educativas\/wp-content\/uploads\/2025\/05\/2do-grado.png\" thumbtype=\"\" >Segundo Grado<\/div><script class=\"df-shortcode-script\" nowprocket type=\"application\/javascript\">window.option_df_56 = {\"outline\":[],\"autoEnableOutline\":\"false\",\"autoEnableThumbnail\":\"false\",\"overwritePDFOutline\":\"false\",\"enableDownload\":\"false\",\"direction\":\"1\",\"pageSize\":\"0\",\"source\":\"https:\\\/\\\/servicios.cnss.gob.do\\\/guias-educativas\\\/wp-content\\\/uploads\\\/2025\\\/05\\\/Didactica-Segundo-S-Final.pdf\",\"wpOptions\":\"true\"}; if(window.DFLIP && window.DFLIP.parseBooks){window.DFLIP.parseBooks();}<\/script><div class=\"_df_thumb \" id=\"df_59\"  _slug=\"59\" data-title=\"tercer-grado\" wpoptions=\"true\" thumb=\"https:\/\/servicios.cnss.gob.do\/guias-educativas\/wp-content\/uploads\/2025\/05\/3RO-CICLO-SECUNDARIA.png\" thumbtype=\"\" >Tercer Grado<\/div><script class=\"df-shortcode-script\" nowprocket type=\"application\/javascript\">window.option_df_59 = {\"outline\":[],\"autoEnableOutline\":\"false\",\"autoEnableThumbnail\":\"false\",\"overwritePDFOutline\":\"false\",\"enableDownload\":\"false\",\"direction\":\"1\",\"pageSize\":\"0\",\"source\":\"https:\\\/\\\/servicios.cnss.gob.do\\\/guias-educativas\\\/wp-content\\\/uploads\\\/2025\\\/05\\\/Tercer-Grado.pdf\",\"wpOptions\":\"true\"}; if(window.DFLIP && window.DFLIP.parseBooks){window.DFLIP.parseBooks();}<\/script><div class=\"_df_thumb \" id=\"df_63\"  _slug=\"cuarto-grado-2\" data-title=\"cuarto-grado\" wpoptions=\"true\" thumb=\"https:\/\/servicios.cnss.gob.do\/guias-educativas\/wp-content\/uploads\/2025\/05\/4RO-CICLO-SECUNDARIA.png\" thumbtype=\"\" >Cuarto Grado<\/div><script class=\"df-shortcode-script\" nowprocket type=\"application\/javascript\">window.option_df_63 = {\"outline\":[],\"autoEnableOutline\":\"false\",\"autoEnableThumbnail\":\"false\",\"overwritePDFOutline\":\"false\",\"enableDownload\":\"false\",\"direction\":\"1\",\"pageSize\":\"0\",\"source\":\"https:\\\/\\\/servicios.cnss.gob.do\\\/guias-educativas\\\/wp-content\\\/uploads\\\/2025\\\/05\\\/Cuarto-Grado-1.pdf\",\"wpOptions\":\"true\"}; if(window.DFLIP && window.DFLIP.parseBooks){window.DFLIP.parseBooks();}<\/script><div class=\"_df_thumb \" id=\"df_66\"  _slug=\"quinto-grado-2\" data-title=\"quinto-grado\" wpoptions=\"true\" thumb=\"https:\/\/servicios.cnss.gob.do\/guias-educativas\/wp-content\/uploads\/2025\/05\/5TO-CICLO-SECUNDARIA.png\" thumbtype=\"\" >Quinto Grado<\/div><script class=\"df-shortcode-script\" nowprocket type=\"application\/javascript\">window.option_df_66 = {\"outline\":[],\"autoEnableOutline\":\"false\",\"autoEnableThumbnail\":\"false\",\"overwritePDFOutline\":\"false\",\"enableDownload\":\"false\",\"direction\":\"1\",\"pageSize\":\"0\",\"source\":\"https:\\\/\\\/servicios.cnss.gob.do\\\/guias-educativas\\\/wp-content\\\/uploads\\\/2025\\\/05\\\/Quinto-Grado-1.pdf\",\"wpOptions\":\"true\"}; if(window.DFLIP && window.DFLIP.parseBooks){window.DFLIP.parseBooks();}<\/script><div class=\"_df_thumb \" id=\"df_69\"  _slug=\"sexto-grado-2\" data-title=\"sexto-grado\" wpoptions=\"true\" thumb=\"https:\/\/servicios.cnss.gob.do\/guias-educativas\/wp-content\/uploads\/2025\/05\/6TO-CICLO-SECUNDARIA.png\" thumbtype=\"\" >Sexto Grado<\/div><script class=\"df-shortcode-script\" nowprocket type=\"application\/javascript\">window.option_df_69 = {\"outline\":[],\"autoEnableOutline\":\"false\",\"autoEnableThumbnail\":\"false\",\"overwritePDFOutline\":\"false\",\"enableDownload\":\"false\",\"direction\":\"1\",\"pageSize\":\"0\",\"source\":\"https:\\\/\\\/servicios.cnss.gob.do\\\/guias-educativas\\\/wp-content\\\/uploads\\\/2025\\\/05\\\/Sexto-Grado-1.pdf\",\"wpOptions\":\"true\"}; if(window.DFLIP && window.DFLIP.parseBooks){window.DFLIP.parseBooks();}<\/script><\/div>\n","protected":false},"excerpt":{"rendered":"<p>El Consejo Nacional de Seguridad Social (CNSS) ha dise\u00f1ado cuadernillos educativos para el Nivel Secundario que promueven la formaci\u00f3n de ciudadanos responsables, informando sobre la estructura del sistema y los distintos seguros que lo componen. El material, incluye actividades y lecturas dise\u00f1adas para fortalecer valores \u00e9ticos y contribuir a una sociedad m\u00e1s justa y solidaria.<\/p>\n","protected":false},"author":1,"featured_media":296,"parent":0,"menu_order":0,"comment_status":"closed","ping_status":"closed","template":"","meta":{"footnotes":""},"class_list":["post-14","page","type-page","status-publish","has-post-thumbnail","hentry"],"_links":{"self":[{"href":"https:\/\/servicios.cnss.gob.do\/guias-educativas\/wp-json\/wp\/v2\/pages\/14","targetHints":{"allow":["GET"]}}],"collection":[{"href":"https:\/\/servicios.cnss.gob.do\/guias-educativas\/wp-json\/wp\/v2\/pages"}],"about":[{"href":"https:\/\/servicios.cnss.gob.do\/guias-educativas\/wp-json\/wp\/v2\/types\/page"}],"author":[{"embeddable":true,"href":"https:\/\/servicios.cnss.gob.do\/guias-educativas\/wp-json\/wp\/v2\/users\/1"}],"replies":[{"embeddable":true,"href":"https:\/\/servicios.cnss.gob.do\/guias-educativas\/wp-json\/wp\/v2\/comments?post=14"}],"version-history":[{"count":3,"href":"https:\/\/servicios.cnss.gob.do\/guias-educativas\/wp-json\/wp\/v2\/pages\/14\/revisions"}],"predecessor-version":[{"id":298,"href":"https:\/\/servicios.cnss.gob.do\/guias-educativas\/wp-json\/wp\/v2\/pages\/14\/revisions\/298"}],"wp:featuredmedia":[{"embeddable":true,"href":"https:\/\/servicios.cnss.gob.do\/guias-educativas\/wp-json\/wp\/v2\/media\/296"}],"wp:attachment":[{"href":"https:\/\/servicios.cnss.gob.do\/guias-educativas\/wp-json\/wp\/v2\/media?parent=14"}],"curies":[{"name":"wp","href":"https:\/\/api.w.org\/{rel}","templated":true}]}}