{"id":2244,"date":"2023-05-02T22:05:30","date_gmt":"2023-05-02T22:05:30","guid":{"rendered":"https:\/\/servicios.cnss.gob.do\/mes_seguridad_social_new\/?page_id=2244"},"modified":"2023-05-02T22:05:31","modified_gmt":"2023-05-02T22:05:31","slug":"alvaro-velarca-hernandez","status":"publish","type":"page","link":"https:\/\/servicios.cnss.gob.do\/mes_seguridad_social_new\/alvaro-velarca-hernandez\/","title":{"rendered":"ALVARO VELARCA HERN\u00c1NDEZ"},"content":{"rendered":"\n<p>En el \u00e1mbito de la seguridad y protecci\u00f3n social, se desempe\u00f1\u00f3 como Coordinador de Seguimiento Interinstitucional e Internacional y como Jefe de la Divisi\u00f3n de Planeaci\u00f3n y Presupuesto del Instituto Mexicano del Seguro Social (IMSS), as\u00ed como Director de Coordinaci\u00f3n Operativa del Seguro Popular, entre otros.<\/p>\n\n\n\n<p><br>Ha trabajado en distintas \u00e1reas del gobierno federal, en M\u00e9xico y en el extranjero. En el \u00e1mbito internacional, fungi\u00f3 como Director General del Fondo de Cultura Econ\u00f3mica de Colombia, Director de Adquisiciones y Servicios en el Extranjero de la Secretar\u00eda de Relaciones Exteriores, y como Jefe de Departamento en la Subsecretar\u00eda de Negociaciones Comerciales Internacionales de la Secretar\u00eda de Econom\u00eda. Adem\u00e1s, ha sido consultor en temas de planeaci\u00f3n financiera y presupuestal para organismos internacionales, tales como el Banco Interamericano de Desarrollo (BID) y el Programa de las Naciones Unidas para el Desarrollo (PNUD); as\u00ed como para las secretar\u00edas de Hacienda y Cr\u00e9dito P\u00fablico, Educaci\u00f3n P\u00fablica, Desarrollo Agrario, Territorial y Urbano, Gobernaci\u00f3n y Medio Ambiente, y el Consejo Nacional de Evaluaci\u00f3n de la Pol\u00edtica de Desarrollo Social, entre otros.<\/p>\n","protected":false},"excerpt":{"rendered":"<p>En el \u00e1mbito de la seguridad y protecci\u00f3n social, se desempe\u00f1\u00f3 como Coordinador de Seguimiento Interinstitucional e Internacional y como Jefe de la Divisi\u00f3n de Planeaci\u00f3n y Presupuesto del Instituto Mexicano del Seguro Social (IMSS), as\u00ed como Director de Coordinaci\u00f3n Operativa del Seguro Popular, entre otros. Ha trabajado en distintas \u00e1reas del gobierno federal, en M\u00e9xico y en el extranjero&#8230;.<\/p>\n","protected":false},"author":1,"featured_media":495,"parent":0,"menu_order":0,"comment_status":"closed","ping_status":"closed","template":"","meta":{"_monsterinsights_skip_tracking":false,"_monsterinsights_sitenote_active":false,"_monsterinsights_sitenote_note":"","_monsterinsights_sitenote_category":0,"footnotes":""},"class_list":["post-2244","page","type-page","status-publish","has-post-thumbnail","hentry"],"yoast_head":"<!-- This site is optimized with the Yoast SEO plugin v20.2.1 - https:\/\/yoast.com\/wordpress\/plugins\/seo\/ -->\r\n<title>ALVARO VELARCA HERN\u00c1NDEZ - Mes de la Seguridad Social<\/title>\r\n<meta name=\"robots\" content=\"index, follow, max-snippet:-1, max-image-preview:large, max-video-preview:-1\" \/>\r\n<link rel=\"canonical\" href=\"https:\/\/servicios.cnss.gob.do\/mes_seguridad_social_new\/alvaro-velarca-hernandez\/\" \/>\r\n<meta property=\"og:locale\" content=\"es_ES\" \/>\r\n<meta property=\"og:type\" content=\"article\" \/>\r\n<meta property=\"og:title\" content=\"ALVARO VELARCA HERN\u00c1NDEZ - Mes de la Seguridad Social\" \/>\r\n<meta property=\"og:description\" content=\"En el \u00e1mbito de la seguridad y protecci\u00f3n social, se desempe\u00f1\u00f3 como Coordinador de Seguimiento Interinstitucional e Internacional y como Jefe de la Divisi\u00f3n de Planeaci\u00f3n y Presupuesto del Instituto Mexicano del Seguro Social (IMSS), as\u00ed como Director de Coordinaci\u00f3n Operativa del Seguro Popular, entre otros. Ha trabajado en distintas \u00e1reas del gobierno federal, en M\u00e9xico y en el extranjero....\" \/>\r\n<meta property=\"og:url\" content=\"https:\/\/servicios.cnss.gob.do\/mes_seguridad_social_new\/alvaro-velarca-hernandez\/\" \/>\r\n<meta property=\"og:site_name\" content=\"Mes de la Seguridad Social\" \/>\r\n<meta property=\"article:modified_time\" content=\"2023-05-02T22:05:31+00:00\" \/>\r\n<meta property=\"og:image\" content=\"https:\/\/servicios.cnss.gob.do\/mes_seguridad_social_new\/wp-content\/uploads\/2023\/03\/Foto-de-perfil-inmobiliaria-simple-con-foto-blanco.png\" \/>\r\n\t<meta property=\"og:image:width\" content=\"2048\" \/>\r\n\t<meta property=\"og:image:height\" content=\"2048\" \/>\r\n\t<meta property=\"og:image:type\" content=\"image\/png\" \/>\r\n<meta name=\"twitter:card\" content=\"summary_large_image\" \/>\r\n<meta name=\"twitter:label1\" content=\"Tiempo de lectura\" \/>\n\t<meta name=\"twitter:data1\" content=\"1 minuto\" \/>\r\n<script type=\"application\/ld+json\" class=\"yoast-schema-graph\">{\"@context\":\"https:\/\/schema.org\",\"@graph\":[{\"@type\":\"WebPage\",\"@id\":\"https:\/\/servicios.cnss.gob.do\/mes_seguridad_social_new\/alvaro-velarca-hernandez\/\",\"url\":\"https:\/\/servicios.cnss.gob.do\/mes_seguridad_social_new\/alvaro-velarca-hernandez\/\",\"name\":\"ALVARO VELARCA HERN\u00c1NDEZ - Mes de la Seguridad Social\",\"isPartOf\":{\"@id\":\"https:\/\/servicios.cnss.gob.do\/mes_seguridad_social_new\/#website\"},\"datePublished\":\"2023-05-02T22:05:30+00:00\",\"dateModified\":\"2023-05-02T22:05:31+00:00\",\"breadcrumb\":{\"@id\":\"https:\/\/servicios.cnss.gob.do\/mes_seguridad_social_new\/alvaro-velarca-hernandez\/#breadcrumb\"},\"inLanguage\":\"es\",\"potentialAction\":[{\"@type\":\"ReadAction\",\"target\":[\"https:\/\/servicios.cnss.gob.do\/mes_seguridad_social_new\/alvaro-velarca-hernandez\/\"]}]},{\"@type\":\"BreadcrumbList\",\"@id\":\"https:\/\/servicios.cnss.gob.do\/mes_seguridad_social_new\/alvaro-velarca-hernandez\/#breadcrumb\",\"itemListElement\":[{\"@type\":\"ListItem\",\"position\":1,\"name\":\"Portada\",\"item\":\"https:\/\/servicios.cnss.gob.do\/mes_seguridad_social_new\/\"},{\"@type\":\"ListItem\",\"position\":2,\"name\":\"ALVARO VELARCA HERN\u00c1NDEZ\"}]},{\"@type\":\"WebSite\",\"@id\":\"https:\/\/servicios.cnss.gob.do\/mes_seguridad_social_new\/#website\",\"url\":\"https:\/\/servicios.cnss.gob.do\/mes_seguridad_social_new\/\",\"name\":\"Mes de la Seguridad Social\",\"description\":\"\",\"publisher\":{\"@id\":\"https:\/\/servicios.cnss.gob.do\/mes_seguridad_social_new\/#organization\"},\"potentialAction\":[{\"@type\":\"SearchAction\",\"target\":{\"@type\":\"EntryPoint\",\"urlTemplate\":\"https:\/\/servicios.cnss.gob.do\/mes_seguridad_social_new\/?s={search_term_string}\"},\"query-input\":\"required name=search_term_string\"}],\"inLanguage\":\"es\"},{\"@type\":\"Organization\",\"@id\":\"https:\/\/servicios.cnss.gob.do\/mes_seguridad_social_new\/#organization\",\"name\":\"Mes de la Seguridad Social\",\"url\":\"https:\/\/servicios.cnss.gob.do\/mes_seguridad_social_new\/\",\"logo\":{\"@type\":\"ImageObject\",\"inLanguage\":\"es\",\"@id\":\"https:\/\/servicios.cnss.gob.do\/mes_seguridad_social_new\/#\/schema\/logo\/image\/\",\"url\":\"https:\/\/servicios.cnss.gob.do\/mes_seguridad_social_new\/wp-content\/uploads\/2023\/04\/cropped-Semana-de-la-SS-2023-logo-2-01-1.jpg\",\"contentUrl\":\"https:\/\/servicios.cnss.gob.do\/mes_seguridad_social_new\/wp-content\/uploads\/2023\/04\/cropped-Semana-de-la-SS-2023-logo-2-01-1.jpg\",\"width\":1373,\"height\":1316,\"caption\":\"Mes de la Seguridad Social\"},\"image\":{\"@id\":\"https:\/\/servicios.cnss.gob.do\/mes_seguridad_social_new\/#\/schema\/logo\/image\/\"}}]}<\/script>\r\n<!-- \/ Yoast SEO plugin. -->","yoast_head_json":{"title":"ALVARO VELARCA HERN\u00c1NDEZ - Mes de la Seguridad Social","robots":{"index":"index","follow":"follow","max-snippet":"max-snippet:-1","max-image-preview":"max-image-preview:large","max-video-preview":"max-video-preview:-1"},"canonical":"https:\/\/servicios.cnss.gob.do\/mes_seguridad_social_new\/alvaro-velarca-hernandez\/","og_locale":"es_ES","og_type":"article","og_title":"ALVARO VELARCA HERN\u00c1NDEZ - Mes de la Seguridad Social","og_description":"En el \u00e1mbito de la seguridad y protecci\u00f3n social, se desempe\u00f1\u00f3 como Coordinador de Seguimiento Interinstitucional e Internacional y como Jefe de la Divisi\u00f3n de Planeaci\u00f3n y Presupuesto del Instituto Mexicano del Seguro Social (IMSS), as\u00ed como Director de Coordinaci\u00f3n Operativa del Seguro Popular, entre otros. Ha trabajado en distintas \u00e1reas del gobierno federal, en M\u00e9xico y en el extranjero....","og_url":"https:\/\/servicios.cnss.gob.do\/mes_seguridad_social_new\/alvaro-velarca-hernandez\/","og_site_name":"Mes de la Seguridad Social","article_modified_time":"2023-05-02T22:05:31+00:00","og_image":[{"width":2048,"height":2048,"url":"https:\/\/servicios.cnss.gob.do\/mes_seguridad_social_new\/wp-content\/uploads\/2023\/03\/Foto-de-perfil-inmobiliaria-simple-con-foto-blanco.png","type":"image\/png"}],"twitter_card":"summary_large_image","twitter_misc":{"Tiempo de lectura":"1 minuto"},"schema":{"@context":"https:\/\/schema.org","@graph":[{"@type":"WebPage","@id":"https:\/\/servicios.cnss.gob.do\/mes_seguridad_social_new\/alvaro-velarca-hernandez\/","url":"https:\/\/servicios.cnss.gob.do\/mes_seguridad_social_new\/alvaro-velarca-hernandez\/","name":"ALVARO VELARCA HERN\u00c1NDEZ - Mes de la Seguridad Social","isPartOf":{"@id":"https:\/\/servicios.cnss.gob.do\/mes_seguridad_social_new\/#website"},"datePublished":"2023-05-02T22:05:30+00:00","dateModified":"2023-05-02T22:05:31+00:00","breadcrumb":{"@id":"https:\/\/servicios.cnss.gob.do\/mes_seguridad_social_new\/alvaro-velarca-hernandez\/#breadcrumb"},"inLanguage":"es","potentialAction":[{"@type":"ReadAction","target":["https:\/\/servicios.cnss.gob.do\/mes_seguridad_social_new\/alvaro-velarca-hernandez\/"]}]},{"@type":"BreadcrumbList","@id":"https:\/\/servicios.cnss.gob.do\/mes_seguridad_social_new\/alvaro-velarca-hernandez\/#breadcrumb","itemListElement":[{"@type":"ListItem","position":1,"name":"Portada","item":"https:\/\/servicios.cnss.gob.do\/mes_seguridad_social_new\/"},{"@type":"ListItem","position":2,"name":"ALVARO VELARCA HERN\u00c1NDEZ"}]},{"@type":"WebSite","@id":"https:\/\/servicios.cnss.gob.do\/mes_seguridad_social_new\/#website","url":"https:\/\/servicios.cnss.gob.do\/mes_seguridad_social_new\/","name":"Mes de la Seguridad Social","description":"","publisher":{"@id":"https:\/\/servicios.cnss.gob.do\/mes_seguridad_social_new\/#organization"},"potentialAction":[{"@type":"SearchAction","target":{"@type":"EntryPoint","urlTemplate":"https:\/\/servicios.cnss.gob.do\/mes_seguridad_social_new\/?s={search_term_string}"},"query-input":"required name=search_term_string"}],"inLanguage":"es"},{"@type":"Organization","@id":"https:\/\/servicios.cnss.gob.do\/mes_seguridad_social_new\/#organization","name":"Mes de la Seguridad Social","url":"https:\/\/servicios.cnss.gob.do\/mes_seguridad_social_new\/","logo":{"@type":"ImageObject","inLanguage":"es","@id":"https:\/\/servicios.cnss.gob.do\/mes_seguridad_social_new\/#\/schema\/logo\/image\/","url":"https:\/\/servicios.cnss.gob.do\/mes_seguridad_social_new\/wp-content\/uploads\/2023\/04\/cropped-Semana-de-la-SS-2023-logo-2-01-1.jpg","contentUrl":"https:\/\/servicios.cnss.gob.do\/mes_seguridad_social_new\/wp-content\/uploads\/2023\/04\/cropped-Semana-de-la-SS-2023-logo-2-01-1.jpg","width":1373,"height":1316,"caption":"Mes de la Seguridad Social"},"image":{"@id":"https:\/\/servicios.cnss.gob.do\/mes_seguridad_social_new\/#\/schema\/logo\/image\/"}}]}},"_links":{"self":[{"href":"https:\/\/servicios.cnss.gob.do\/mes_seguridad_social_new\/wp-json\/wp\/v2\/pages\/2244","targetHints":{"allow":["GET"]}}],"collection":[{"href":"https:\/\/servicios.cnss.gob.do\/mes_seguridad_social_new\/wp-json\/wp\/v2\/pages"}],"about":[{"href":"https:\/\/servicios.cnss.gob.do\/mes_seguridad_social_new\/wp-json\/wp\/v2\/types\/page"}],"author":[{"embeddable":true,"href":"https:\/\/servicios.cnss.gob.do\/mes_seguridad_social_new\/wp-json\/wp\/v2\/users\/1"}],"replies":[{"embeddable":true,"href":"https:\/\/servicios.cnss.gob.do\/mes_seguridad_social_new\/wp-json\/wp\/v2\/comments?post=2244"}],"version-history":[{"count":1,"href":"https:\/\/servicios.cnss.gob.do\/mes_seguridad_social_new\/wp-json\/wp\/v2\/pages\/2244\/revisions"}],"predecessor-version":[{"id":2245,"href":"https:\/\/servicios.cnss.gob.do\/mes_seguridad_social_new\/wp-json\/wp\/v2\/pages\/2244\/revisions\/2245"}],"wp:featuredmedia":[{"embeddable":true,"href":"https:\/\/servicios.cnss.gob.do\/mes_seguridad_social_new\/wp-json\/wp\/v2\/media\/495"}],"wp:attachment":[{"href":"https:\/\/servicios.cnss.gob.do\/mes_seguridad_social_new\/wp-json\/wp\/v2\/media?parent=2244"}],"curies":[{"name":"wp","href":"https:\/\/api.w.org\/{rel}","templated":true}]}}