{"id":2252,"date":"2023-05-02T22:08:58","date_gmt":"2023-05-02T22:08:58","guid":{"rendered":"https:\/\/servicios.cnss.gob.do\/mes_seguridad_social_new\/?page_id=2252"},"modified":"2023-05-02T22:10:33","modified_gmt":"2023-05-02T22:10:33","slug":"sr-marcelo-abi-ramia-caetano","status":"publish","type":"page","link":"https:\/\/servicios.cnss.gob.do\/mes_seguridad_social_new\/sr-marcelo-abi-ramia-caetano\/","title":{"rendered":"Sr. Marcelo Abi-Ramia Caetano"},"content":{"rendered":"\n<p class=\"has-text-align-left\">Secretario General de la Asociaci\u00f3n Internacional de la Seguridad Social (AISS).<\/p>\n\n\n\n<p class=\"has-text-align-left\"><br>Elegido en diciembre de 2018, el Sr. Caetano tiene bajo su responsabilidad un amplio programa<br>de actividades y de servicios a los miembros centrado en la promoci\u00f3n de la excelencia en la<br>administraci\u00f3n de la seguridad social. El programa abarca las directrices profesionales de la<br>AISS y el Centro para la Excelencia, soluciones innovadoras para hacer frente a los principales<br>desaf\u00edos de la seguridad social, datos \u00fanicos sobre seguridad social de todo el mundo, as\u00ed como<br>eventos regionales y mundiales.<\/p>\n\n\n\n<p class=\"has-text-align-left\"><br>Antes de su elecci\u00f3n como Secretario General, el Sr. Caetano ocup\u00f3 el cargo de Secretario de<br>Seguridad Social del Gobierno del Brasil, en el que asumi\u00f3 la responsabilidad de dise\u00f1ar,<br>supervisar y desarrollar en el pa\u00eds un sistema de seguridad social sostenible y capaz de responder<br>a las necesidades.<\/p>\n\n\n\n<p class=\"has-text-align-left\"><br>El Secretario General es un economista brasile\u00f1o. Tiene un doctorado por la Universidad<br>Cat\u00f3lica de Brasilia, y una larga experiencia en los \u00e1mbitos de las pensiones, la demograf\u00eda, la<br>cobertura de la seguridad social, las desigualdades y la pobreza, el Sr. Marcelo Abi-Ramia<br>Caetano, ha publicado varios estudios sobre la seguridad social en diversos libros y revistas<br>brasile\u00f1os, as\u00ed como en los Estados Unidos de Am\u00e9rica, Suiza, Portugal, Chile y M\u00e9xico.<\/p>\n","protected":false},"excerpt":{"rendered":"<p>Secretario General de la Asociaci\u00f3n Internacional de la Seguridad Social (AISS). Elegido en diciembre de 2018, el Sr. Caetano tiene bajo su responsabilidad un amplio programade actividades y de servicios a los miembros centrado en la promoci\u00f3n de la excelencia en laadministraci\u00f3n de la seguridad social. El programa abarca las directrices profesionales de laAISS y el Centro para la Excelencia,&#8230;<\/p>\n","protected":false},"author":1,"featured_media":500,"parent":0,"menu_order":0,"comment_status":"closed","ping_status":"closed","template":"","meta":{"_monsterinsights_skip_tracking":false,"_monsterinsights_sitenote_active":false,"_monsterinsights_sitenote_note":"","_monsterinsights_sitenote_category":0,"footnotes":""},"class_list":["post-2252","page","type-page","status-publish","has-post-thumbnail","hentry"],"yoast_head":"<!-- This site is optimized with the Yoast SEO plugin v20.2.1 - https:\/\/yoast.com\/wordpress\/plugins\/seo\/ -->\r\n<title>Sr. Marcelo Abi-Ramia Caetano - Mes de la Seguridad Social<\/title>\r\n<meta name=\"robots\" content=\"index, follow, max-snippet:-1, max-image-preview:large, max-video-preview:-1\" \/>\r\n<link rel=\"canonical\" href=\"https:\/\/servicios.cnss.gob.do\/mes_seguridad_social_new\/sr-marcelo-abi-ramia-caetano\/\" \/>\r\n<meta property=\"og:locale\" content=\"es_ES\" \/>\r\n<meta property=\"og:type\" content=\"article\" \/>\r\n<meta property=\"og:title\" content=\"Sr. Marcelo Abi-Ramia Caetano - Mes de la Seguridad Social\" \/>\r\n<meta property=\"og:description\" content=\"Secretario General de la Asociaci\u00f3n Internacional de la Seguridad Social (AISS). Elegido en diciembre de 2018, el Sr. Caetano tiene bajo su responsabilidad un amplio programade actividades y de servicios a los miembros centrado en la promoci\u00f3n de la excelencia en laadministraci\u00f3n de la seguridad social. El programa abarca las directrices profesionales de laAISS y el Centro para la Excelencia,...\" \/>\r\n<meta property=\"og:url\" content=\"https:\/\/servicios.cnss.gob.do\/mes_seguridad_social_new\/sr-marcelo-abi-ramia-caetano\/\" \/>\r\n<meta property=\"og:site_name\" content=\"Mes de la Seguridad Social\" \/>\r\n<meta property=\"article:modified_time\" content=\"2023-05-02T22:10:33+00:00\" \/>\r\n<meta property=\"og:image\" content=\"https:\/\/servicios.cnss.gob.do\/mes_seguridad_social_new\/wp-content\/uploads\/2023\/03\/Foto-de-perfil-inmobiliaria-simple-con-foto-blanco-2.png\" \/>\r\n\t<meta property=\"og:image:width\" content=\"2048\" \/>\r\n\t<meta property=\"og:image:height\" content=\"2048\" \/>\r\n\t<meta property=\"og:image:type\" content=\"image\/png\" \/>\r\n<meta name=\"twitter:card\" content=\"summary_large_image\" \/>\r\n<meta name=\"twitter:label1\" content=\"Tiempo de lectura\" \/>\n\t<meta name=\"twitter:data1\" content=\"1 minuto\" \/>\r\n<script type=\"application\/ld+json\" class=\"yoast-schema-graph\">{\"@context\":\"https:\/\/schema.org\",\"@graph\":[{\"@type\":\"WebPage\",\"@id\":\"https:\/\/servicios.cnss.gob.do\/mes_seguridad_social_new\/sr-marcelo-abi-ramia-caetano\/\",\"url\":\"https:\/\/servicios.cnss.gob.do\/mes_seguridad_social_new\/sr-marcelo-abi-ramia-caetano\/\",\"name\":\"Sr. Marcelo Abi-Ramia Caetano - Mes de la Seguridad Social\",\"isPartOf\":{\"@id\":\"https:\/\/servicios.cnss.gob.do\/mes_seguridad_social_new\/#website\"},\"datePublished\":\"2023-05-02T22:08:58+00:00\",\"dateModified\":\"2023-05-02T22:10:33+00:00\",\"breadcrumb\":{\"@id\":\"https:\/\/servicios.cnss.gob.do\/mes_seguridad_social_new\/sr-marcelo-abi-ramia-caetano\/#breadcrumb\"},\"inLanguage\":\"es\",\"potentialAction\":[{\"@type\":\"ReadAction\",\"target\":[\"https:\/\/servicios.cnss.gob.do\/mes_seguridad_social_new\/sr-marcelo-abi-ramia-caetano\/\"]}]},{\"@type\":\"BreadcrumbList\",\"@id\":\"https:\/\/servicios.cnss.gob.do\/mes_seguridad_social_new\/sr-marcelo-abi-ramia-caetano\/#breadcrumb\",\"itemListElement\":[{\"@type\":\"ListItem\",\"position\":1,\"name\":\"Portada\",\"item\":\"https:\/\/servicios.cnss.gob.do\/mes_seguridad_social_new\/\"},{\"@type\":\"ListItem\",\"position\":2,\"name\":\"Sr. Marcelo Abi-Ramia Caetano\"}]},{\"@type\":\"WebSite\",\"@id\":\"https:\/\/servicios.cnss.gob.do\/mes_seguridad_social_new\/#website\",\"url\":\"https:\/\/servicios.cnss.gob.do\/mes_seguridad_social_new\/\",\"name\":\"Mes de la Seguridad Social\",\"description\":\"\",\"publisher\":{\"@id\":\"https:\/\/servicios.cnss.gob.do\/mes_seguridad_social_new\/#organization\"},\"potentialAction\":[{\"@type\":\"SearchAction\",\"target\":{\"@type\":\"EntryPoint\",\"urlTemplate\":\"https:\/\/servicios.cnss.gob.do\/mes_seguridad_social_new\/?s={search_term_string}\"},\"query-input\":\"required name=search_term_string\"}],\"inLanguage\":\"es\"},{\"@type\":\"Organization\",\"@id\":\"https:\/\/servicios.cnss.gob.do\/mes_seguridad_social_new\/#organization\",\"name\":\"Mes de la Seguridad Social\",\"url\":\"https:\/\/servicios.cnss.gob.do\/mes_seguridad_social_new\/\",\"logo\":{\"@type\":\"ImageObject\",\"inLanguage\":\"es\",\"@id\":\"https:\/\/servicios.cnss.gob.do\/mes_seguridad_social_new\/#\/schema\/logo\/image\/\",\"url\":\"https:\/\/servicios.cnss.gob.do\/mes_seguridad_social_new\/wp-content\/uploads\/2023\/04\/cropped-Semana-de-la-SS-2023-logo-2-01-1.jpg\",\"contentUrl\":\"https:\/\/servicios.cnss.gob.do\/mes_seguridad_social_new\/wp-content\/uploads\/2023\/04\/cropped-Semana-de-la-SS-2023-logo-2-01-1.jpg\",\"width\":1373,\"height\":1316,\"caption\":\"Mes de la Seguridad Social\"},\"image\":{\"@id\":\"https:\/\/servicios.cnss.gob.do\/mes_seguridad_social_new\/#\/schema\/logo\/image\/\"}}]}<\/script>\r\n<!-- \/ Yoast SEO plugin. -->","yoast_head_json":{"title":"Sr. Marcelo Abi-Ramia Caetano - Mes de la Seguridad Social","robots":{"index":"index","follow":"follow","max-snippet":"max-snippet:-1","max-image-preview":"max-image-preview:large","max-video-preview":"max-video-preview:-1"},"canonical":"https:\/\/servicios.cnss.gob.do\/mes_seguridad_social_new\/sr-marcelo-abi-ramia-caetano\/","og_locale":"es_ES","og_type":"article","og_title":"Sr. Marcelo Abi-Ramia Caetano - Mes de la Seguridad Social","og_description":"Secretario General de la Asociaci\u00f3n Internacional de la Seguridad Social (AISS). Elegido en diciembre de 2018, el Sr. Caetano tiene bajo su responsabilidad un amplio programade actividades y de servicios a los miembros centrado en la promoci\u00f3n de la excelencia en laadministraci\u00f3n de la seguridad social. El programa abarca las directrices profesionales de laAISS y el Centro para la Excelencia,...","og_url":"https:\/\/servicios.cnss.gob.do\/mes_seguridad_social_new\/sr-marcelo-abi-ramia-caetano\/","og_site_name":"Mes de la Seguridad Social","article_modified_time":"2023-05-02T22:10:33+00:00","og_image":[{"width":2048,"height":2048,"url":"https:\/\/servicios.cnss.gob.do\/mes_seguridad_social_new\/wp-content\/uploads\/2023\/03\/Foto-de-perfil-inmobiliaria-simple-con-foto-blanco-2.png","type":"image\/png"}],"twitter_card":"summary_large_image","twitter_misc":{"Tiempo de lectura":"1 minuto"},"schema":{"@context":"https:\/\/schema.org","@graph":[{"@type":"WebPage","@id":"https:\/\/servicios.cnss.gob.do\/mes_seguridad_social_new\/sr-marcelo-abi-ramia-caetano\/","url":"https:\/\/servicios.cnss.gob.do\/mes_seguridad_social_new\/sr-marcelo-abi-ramia-caetano\/","name":"Sr. Marcelo Abi-Ramia Caetano - Mes de la Seguridad Social","isPartOf":{"@id":"https:\/\/servicios.cnss.gob.do\/mes_seguridad_social_new\/#website"},"datePublished":"2023-05-02T22:08:58+00:00","dateModified":"2023-05-02T22:10:33+00:00","breadcrumb":{"@id":"https:\/\/servicios.cnss.gob.do\/mes_seguridad_social_new\/sr-marcelo-abi-ramia-caetano\/#breadcrumb"},"inLanguage":"es","potentialAction":[{"@type":"ReadAction","target":["https:\/\/servicios.cnss.gob.do\/mes_seguridad_social_new\/sr-marcelo-abi-ramia-caetano\/"]}]},{"@type":"BreadcrumbList","@id":"https:\/\/servicios.cnss.gob.do\/mes_seguridad_social_new\/sr-marcelo-abi-ramia-caetano\/#breadcrumb","itemListElement":[{"@type":"ListItem","position":1,"name":"Portada","item":"https:\/\/servicios.cnss.gob.do\/mes_seguridad_social_new\/"},{"@type":"ListItem","position":2,"name":"Sr. Marcelo Abi-Ramia Caetano"}]},{"@type":"WebSite","@id":"https:\/\/servicios.cnss.gob.do\/mes_seguridad_social_new\/#website","url":"https:\/\/servicios.cnss.gob.do\/mes_seguridad_social_new\/","name":"Mes de la Seguridad Social","description":"","publisher":{"@id":"https:\/\/servicios.cnss.gob.do\/mes_seguridad_social_new\/#organization"},"potentialAction":[{"@type":"SearchAction","target":{"@type":"EntryPoint","urlTemplate":"https:\/\/servicios.cnss.gob.do\/mes_seguridad_social_new\/?s={search_term_string}"},"query-input":"required name=search_term_string"}],"inLanguage":"es"},{"@type":"Organization","@id":"https:\/\/servicios.cnss.gob.do\/mes_seguridad_social_new\/#organization","name":"Mes de la Seguridad Social","url":"https:\/\/servicios.cnss.gob.do\/mes_seguridad_social_new\/","logo":{"@type":"ImageObject","inLanguage":"es","@id":"https:\/\/servicios.cnss.gob.do\/mes_seguridad_social_new\/#\/schema\/logo\/image\/","url":"https:\/\/servicios.cnss.gob.do\/mes_seguridad_social_new\/wp-content\/uploads\/2023\/04\/cropped-Semana-de-la-SS-2023-logo-2-01-1.jpg","contentUrl":"https:\/\/servicios.cnss.gob.do\/mes_seguridad_social_new\/wp-content\/uploads\/2023\/04\/cropped-Semana-de-la-SS-2023-logo-2-01-1.jpg","width":1373,"height":1316,"caption":"Mes de la Seguridad Social"},"image":{"@id":"https:\/\/servicios.cnss.gob.do\/mes_seguridad_social_new\/#\/schema\/logo\/image\/"}}]}},"_links":{"self":[{"href":"https:\/\/servicios.cnss.gob.do\/mes_seguridad_social_new\/wp-json\/wp\/v2\/pages\/2252","targetHints":{"allow":["GET"]}}],"collection":[{"href":"https:\/\/servicios.cnss.gob.do\/mes_seguridad_social_new\/wp-json\/wp\/v2\/pages"}],"about":[{"href":"https:\/\/servicios.cnss.gob.do\/mes_seguridad_social_new\/wp-json\/wp\/v2\/types\/page"}],"author":[{"embeddable":true,"href":"https:\/\/servicios.cnss.gob.do\/mes_seguridad_social_new\/wp-json\/wp\/v2\/users\/1"}],"replies":[{"embeddable":true,"href":"https:\/\/servicios.cnss.gob.do\/mes_seguridad_social_new\/wp-json\/wp\/v2\/comments?post=2252"}],"version-history":[{"count":3,"href":"https:\/\/servicios.cnss.gob.do\/mes_seguridad_social_new\/wp-json\/wp\/v2\/pages\/2252\/revisions"}],"predecessor-version":[{"id":2255,"href":"https:\/\/servicios.cnss.gob.do\/mes_seguridad_social_new\/wp-json\/wp\/v2\/pages\/2252\/revisions\/2255"}],"wp:featuredmedia":[{"embeddable":true,"href":"https:\/\/servicios.cnss.gob.do\/mes_seguridad_social_new\/wp-json\/wp\/v2\/media\/500"}],"wp:attachment":[{"href":"https:\/\/servicios.cnss.gob.do\/mes_seguridad_social_new\/wp-json\/wp\/v2\/media?parent=2252"}],"curies":[{"name":"wp","href":"https:\/\/api.w.org\/{rel}","templated":true}]}}