{"id":2256,"date":"2023-05-02T22:11:45","date_gmt":"2023-05-02T22:11:45","guid":{"rendered":"https:\/\/servicios.cnss.gob.do\/mes_seguridad_social_new\/?page_id=2256"},"modified":"2023-05-02T22:11:46","modified_gmt":"2023-05-02T22:11:46","slug":"mariano-brener","status":"publish","type":"page","link":"https:\/\/servicios.cnss.gob.do\/mes_seguridad_social_new\/mariano-brener\/","title":{"rendered":"Mariano Brener"},"content":{"rendered":"\n<p>Mariano Brener es el Coordinador Regional para las Am\u00e9ricas y los pa\u00edses de habla<br>portuguesa de la Asociaci\u00f3n Internacional de la Seguridad Social (AISS). Se incorpor\u00f3 a<br>la Asociaci\u00f3n en 2017 y sus principales actividades incluyen la gesti\u00f3n de la relaci\u00f3n con<br>los miembros de las Am\u00e9ricas, la organizaci\u00f3n y gesti\u00f3n de las actividades, conferencias<br>y eventos en la regi\u00f3n, trabajos t\u00e9cnicos en distintas \u00e1reas de la seguridad social y<br>supervisi\u00f3n los \u00f3rganos estatutarios de la Asociaci\u00f3n.<\/p>\n\n\n\n<p><br>Antes de incorporarse a la AISS, fue Director Nacional de Reg\u00edmenes de Seguridad<br>Social en Argentina en el Ministerio de Trabajo, Empleo y Seguridad Social y Jefe del<br>equipo de negociaci\u00f3n de acuerdos internacionales, previamente fue asesor principal en<br>la Administraci\u00f3n Nacional de la Seguridad Social (ANSES) en Argentina. Tambi\u00e9n ha<br>trabajado en bufetes de abogados en Argentina y Estados Unidos.<\/p>\n\n\n\n<p><br>Mariano es licenciado en Derecho y m\u00e1ster en Administraci\u00f3n de Empresas por<br>universidades argentinas, y es especialista en Seguridad Social y Migraciones.<\/p>\n","protected":false},"excerpt":{"rendered":"<p>Mariano Brener es el Coordinador Regional para las Am\u00e9ricas y los pa\u00edses de hablaportuguesa de la Asociaci\u00f3n Internacional de la Seguridad Social (AISS). Se incorpor\u00f3 ala Asociaci\u00f3n en 2017 y sus principales actividades incluyen la gesti\u00f3n de la relaci\u00f3n conlos miembros de las Am\u00e9ricas, la organizaci\u00f3n y gesti\u00f3n de las actividades, conferenciasy eventos en la regi\u00f3n, trabajos t\u00e9cnicos en distintas&#8230;<\/p>\n","protected":false},"author":1,"featured_media":496,"parent":0,"menu_order":0,"comment_status":"closed","ping_status":"closed","template":"","meta":{"_monsterinsights_skip_tracking":false,"_monsterinsights_sitenote_active":false,"_monsterinsights_sitenote_note":"","_monsterinsights_sitenote_category":0,"footnotes":""},"class_list":["post-2256","page","type-page","status-publish","has-post-thumbnail","hentry"],"yoast_head":"<!-- This site is optimized with the Yoast SEO plugin v20.2.1 - https:\/\/yoast.com\/wordpress\/plugins\/seo\/ -->\r\n<title>Mariano Brener - Mes de la Seguridad Social<\/title>\r\n<meta name=\"robots\" content=\"index, follow, max-snippet:-1, max-image-preview:large, max-video-preview:-1\" \/>\r\n<link rel=\"canonical\" href=\"https:\/\/servicios.cnss.gob.do\/mes_seguridad_social_new\/mariano-brener\/\" \/>\r\n<meta property=\"og:locale\" content=\"es_ES\" \/>\r\n<meta property=\"og:type\" content=\"article\" \/>\r\n<meta property=\"og:title\" content=\"Mariano Brener - Mes de la Seguridad Social\" \/>\r\n<meta property=\"og:description\" content=\"Mariano Brener es el Coordinador Regional para las Am\u00e9ricas y los pa\u00edses de hablaportuguesa de la Asociaci\u00f3n Internacional de la Seguridad Social (AISS). Se incorpor\u00f3 ala Asociaci\u00f3n en 2017 y sus principales actividades incluyen la gesti\u00f3n de la relaci\u00f3n conlos miembros de las Am\u00e9ricas, la organizaci\u00f3n y gesti\u00f3n de las actividades, conferenciasy eventos en la regi\u00f3n, trabajos t\u00e9cnicos en distintas...\" \/>\r\n<meta property=\"og:url\" content=\"https:\/\/servicios.cnss.gob.do\/mes_seguridad_social_new\/mariano-brener\/\" \/>\r\n<meta property=\"og:site_name\" content=\"Mes de la Seguridad Social\" \/>\r\n<meta property=\"article:modified_time\" content=\"2023-05-02T22:11:46+00:00\" \/>\r\n<meta property=\"og:image\" content=\"https:\/\/servicios.cnss.gob.do\/mes_seguridad_social_new\/wp-content\/uploads\/2023\/03\/Foto-de-perfil-inmobiliaria-simple-con-foto-blanco-1-1024x1024.png\" \/>\r\n\t<meta property=\"og:image:width\" content=\"1024\" \/>\r\n\t<meta property=\"og:image:height\" content=\"1024\" \/>\r\n\t<meta property=\"og:image:type\" content=\"image\/png\" \/>\r\n<meta name=\"twitter:card\" content=\"summary_large_image\" \/>\r\n<meta name=\"twitter:label1\" content=\"Tiempo de lectura\" \/>\n\t<meta name=\"twitter:data1\" content=\"1 minuto\" \/>\r\n<script type=\"application\/ld+json\" class=\"yoast-schema-graph\">{\"@context\":\"https:\/\/schema.org\",\"@graph\":[{\"@type\":\"WebPage\",\"@id\":\"https:\/\/servicios.cnss.gob.do\/mes_seguridad_social_new\/mariano-brener\/\",\"url\":\"https:\/\/servicios.cnss.gob.do\/mes_seguridad_social_new\/mariano-brener\/\",\"name\":\"Mariano Brener - Mes de la Seguridad Social\",\"isPartOf\":{\"@id\":\"https:\/\/servicios.cnss.gob.do\/mes_seguridad_social_new\/#website\"},\"datePublished\":\"2023-05-02T22:11:45+00:00\",\"dateModified\":\"2023-05-02T22:11:46+00:00\",\"breadcrumb\":{\"@id\":\"https:\/\/servicios.cnss.gob.do\/mes_seguridad_social_new\/mariano-brener\/#breadcrumb\"},\"inLanguage\":\"es\",\"potentialAction\":[{\"@type\":\"ReadAction\",\"target\":[\"https:\/\/servicios.cnss.gob.do\/mes_seguridad_social_new\/mariano-brener\/\"]}]},{\"@type\":\"BreadcrumbList\",\"@id\":\"https:\/\/servicios.cnss.gob.do\/mes_seguridad_social_new\/mariano-brener\/#breadcrumb\",\"itemListElement\":[{\"@type\":\"ListItem\",\"position\":1,\"name\":\"Portada\",\"item\":\"https:\/\/servicios.cnss.gob.do\/mes_seguridad_social_new\/\"},{\"@type\":\"ListItem\",\"position\":2,\"name\":\"Mariano Brener\"}]},{\"@type\":\"WebSite\",\"@id\":\"https:\/\/servicios.cnss.gob.do\/mes_seguridad_social_new\/#website\",\"url\":\"https:\/\/servicios.cnss.gob.do\/mes_seguridad_social_new\/\",\"name\":\"Mes de la Seguridad Social\",\"description\":\"\",\"publisher\":{\"@id\":\"https:\/\/servicios.cnss.gob.do\/mes_seguridad_social_new\/#organization\"},\"potentialAction\":[{\"@type\":\"SearchAction\",\"target\":{\"@type\":\"EntryPoint\",\"urlTemplate\":\"https:\/\/servicios.cnss.gob.do\/mes_seguridad_social_new\/?s={search_term_string}\"},\"query-input\":\"required name=search_term_string\"}],\"inLanguage\":\"es\"},{\"@type\":\"Organization\",\"@id\":\"https:\/\/servicios.cnss.gob.do\/mes_seguridad_social_new\/#organization\",\"name\":\"Mes de la Seguridad Social\",\"url\":\"https:\/\/servicios.cnss.gob.do\/mes_seguridad_social_new\/\",\"logo\":{\"@type\":\"ImageObject\",\"inLanguage\":\"es\",\"@id\":\"https:\/\/servicios.cnss.gob.do\/mes_seguridad_social_new\/#\/schema\/logo\/image\/\",\"url\":\"https:\/\/servicios.cnss.gob.do\/mes_seguridad_social_new\/wp-content\/uploads\/2023\/04\/cropped-Semana-de-la-SS-2023-logo-2-01-1.jpg\",\"contentUrl\":\"https:\/\/servicios.cnss.gob.do\/mes_seguridad_social_new\/wp-content\/uploads\/2023\/04\/cropped-Semana-de-la-SS-2023-logo-2-01-1.jpg\",\"width\":1373,\"height\":1316,\"caption\":\"Mes de la Seguridad Social\"},\"image\":{\"@id\":\"https:\/\/servicios.cnss.gob.do\/mes_seguridad_social_new\/#\/schema\/logo\/image\/\"}}]}<\/script>\r\n<!-- \/ Yoast SEO plugin. -->","yoast_head_json":{"title":"Mariano Brener - Mes de la Seguridad Social","robots":{"index":"index","follow":"follow","max-snippet":"max-snippet:-1","max-image-preview":"max-image-preview:large","max-video-preview":"max-video-preview:-1"},"canonical":"https:\/\/servicios.cnss.gob.do\/mes_seguridad_social_new\/mariano-brener\/","og_locale":"es_ES","og_type":"article","og_title":"Mariano Brener - Mes de la Seguridad Social","og_description":"Mariano Brener es el Coordinador Regional para las Am\u00e9ricas y los pa\u00edses de hablaportuguesa de la Asociaci\u00f3n Internacional de la Seguridad Social (AISS). Se incorpor\u00f3 ala Asociaci\u00f3n en 2017 y sus principales actividades incluyen la gesti\u00f3n de la relaci\u00f3n conlos miembros de las Am\u00e9ricas, la organizaci\u00f3n y gesti\u00f3n de las actividades, conferenciasy eventos en la regi\u00f3n, trabajos t\u00e9cnicos en distintas...","og_url":"https:\/\/servicios.cnss.gob.do\/mes_seguridad_social_new\/mariano-brener\/","og_site_name":"Mes de la Seguridad Social","article_modified_time":"2023-05-02T22:11:46+00:00","og_image":[{"width":1024,"height":1024,"url":"https:\/\/servicios.cnss.gob.do\/mes_seguridad_social_new\/wp-content\/uploads\/2023\/03\/Foto-de-perfil-inmobiliaria-simple-con-foto-blanco-1-1024x1024.png","type":"image\/png"}],"twitter_card":"summary_large_image","twitter_misc":{"Tiempo de lectura":"1 minuto"},"schema":{"@context":"https:\/\/schema.org","@graph":[{"@type":"WebPage","@id":"https:\/\/servicios.cnss.gob.do\/mes_seguridad_social_new\/mariano-brener\/","url":"https:\/\/servicios.cnss.gob.do\/mes_seguridad_social_new\/mariano-brener\/","name":"Mariano Brener - Mes de la Seguridad Social","isPartOf":{"@id":"https:\/\/servicios.cnss.gob.do\/mes_seguridad_social_new\/#website"},"datePublished":"2023-05-02T22:11:45+00:00","dateModified":"2023-05-02T22:11:46+00:00","breadcrumb":{"@id":"https:\/\/servicios.cnss.gob.do\/mes_seguridad_social_new\/mariano-brener\/#breadcrumb"},"inLanguage":"es","potentialAction":[{"@type":"ReadAction","target":["https:\/\/servicios.cnss.gob.do\/mes_seguridad_social_new\/mariano-brener\/"]}]},{"@type":"BreadcrumbList","@id":"https:\/\/servicios.cnss.gob.do\/mes_seguridad_social_new\/mariano-brener\/#breadcrumb","itemListElement":[{"@type":"ListItem","position":1,"name":"Portada","item":"https:\/\/servicios.cnss.gob.do\/mes_seguridad_social_new\/"},{"@type":"ListItem","position":2,"name":"Mariano Brener"}]},{"@type":"WebSite","@id":"https:\/\/servicios.cnss.gob.do\/mes_seguridad_social_new\/#website","url":"https:\/\/servicios.cnss.gob.do\/mes_seguridad_social_new\/","name":"Mes de la Seguridad Social","description":"","publisher":{"@id":"https:\/\/servicios.cnss.gob.do\/mes_seguridad_social_new\/#organization"},"potentialAction":[{"@type":"SearchAction","target":{"@type":"EntryPoint","urlTemplate":"https:\/\/servicios.cnss.gob.do\/mes_seguridad_social_new\/?s={search_term_string}"},"query-input":"required name=search_term_string"}],"inLanguage":"es"},{"@type":"Organization","@id":"https:\/\/servicios.cnss.gob.do\/mes_seguridad_social_new\/#organization","name":"Mes de la Seguridad Social","url":"https:\/\/servicios.cnss.gob.do\/mes_seguridad_social_new\/","logo":{"@type":"ImageObject","inLanguage":"es","@id":"https:\/\/servicios.cnss.gob.do\/mes_seguridad_social_new\/#\/schema\/logo\/image\/","url":"https:\/\/servicios.cnss.gob.do\/mes_seguridad_social_new\/wp-content\/uploads\/2023\/04\/cropped-Semana-de-la-SS-2023-logo-2-01-1.jpg","contentUrl":"https:\/\/servicios.cnss.gob.do\/mes_seguridad_social_new\/wp-content\/uploads\/2023\/04\/cropped-Semana-de-la-SS-2023-logo-2-01-1.jpg","width":1373,"height":1316,"caption":"Mes de la Seguridad Social"},"image":{"@id":"https:\/\/servicios.cnss.gob.do\/mes_seguridad_social_new\/#\/schema\/logo\/image\/"}}]}},"_links":{"self":[{"href":"https:\/\/servicios.cnss.gob.do\/mes_seguridad_social_new\/wp-json\/wp\/v2\/pages\/2256","targetHints":{"allow":["GET"]}}],"collection":[{"href":"https:\/\/servicios.cnss.gob.do\/mes_seguridad_social_new\/wp-json\/wp\/v2\/pages"}],"about":[{"href":"https:\/\/servicios.cnss.gob.do\/mes_seguridad_social_new\/wp-json\/wp\/v2\/types\/page"}],"author":[{"embeddable":true,"href":"https:\/\/servicios.cnss.gob.do\/mes_seguridad_social_new\/wp-json\/wp\/v2\/users\/1"}],"replies":[{"embeddable":true,"href":"https:\/\/servicios.cnss.gob.do\/mes_seguridad_social_new\/wp-json\/wp\/v2\/comments?post=2256"}],"version-history":[{"count":1,"href":"https:\/\/servicios.cnss.gob.do\/mes_seguridad_social_new\/wp-json\/wp\/v2\/pages\/2256\/revisions"}],"predecessor-version":[{"id":2257,"href":"https:\/\/servicios.cnss.gob.do\/mes_seguridad_social_new\/wp-json\/wp\/v2\/pages\/2256\/revisions\/2257"}],"wp:featuredmedia":[{"embeddable":true,"href":"https:\/\/servicios.cnss.gob.do\/mes_seguridad_social_new\/wp-json\/wp\/v2\/media\/496"}],"wp:attachment":[{"href":"https:\/\/servicios.cnss.gob.do\/mes_seguridad_social_new\/wp-json\/wp\/v2\/media?parent=2256"}],"curies":[{"name":"wp","href":"https:\/\/api.w.org\/{rel}","templated":true}]}}