{"id":2261,"date":"2023-05-02T22:14:16","date_gmt":"2023-05-02T22:14:16","guid":{"rendered":"https:\/\/servicios.cnss.gob.do\/mes_seguridad_social_new\/?page_id=2261"},"modified":"2023-05-02T22:14:18","modified_gmt":"2023-05-02T22:14:18","slug":"gina-magnolia-riano-baron","status":"publish","type":"page","link":"https:\/\/servicios.cnss.gob.do\/mes_seguridad_social_new\/gina-magnolia-riano-baron\/","title":{"rendered":"Gina Magnolia Ria\u00f1o Bar\u00f3n"},"content":{"rendered":"\n<p>Secretaria General de la Organizaci\u00f3n Iberoamericana de Seguridad Social, primera mujer latinoamericana en ejercer este cargo para el que fue elegida por la Comisi\u00f3n Directiva de este Organismo Internacional y ratificada por el Congreso realizado en diciembre de 2021 en la Rep\u00fablica Dominicana, conformado por los 22 Gobiernos y 150 instituciones de Seguridad Social de los pa\u00edses Iberoamericanos.<\/p>\n\n\n\n<p>Cuenta con una amplia trayectoria en la administraci\u00f3n p\u00fablica, se ha desempe\u00f1ado como Ministra de Trabajo y Seguridad Social de Colombia y Ministra de Salud encargada. Presidenta del Consejo Directivo del Instituto de Seguro Social, Directora General de la Caja Nacional de Previsi\u00f3n Social, Directora y Secretaria General del Instituto Nacional de Transporte y Tr\u00e1nsito (INTRA). Ha sido juez y personera municipal. Egresada del Colegio de Boyac\u00e1 donde fue reconocida con la Medalla del Fundador por sus m\u00e9ritos acad\u00e9micos con la medalla bicentenaria por ser una ilustre egresada.<\/p>\n\n\n\n<p>Ha participado o contribuido en diversas iniciativas legislativas, como la ley que cre\u00f3 el Sistema General de Seguridad Social, la ley de protecci\u00f3n a las madres comunitarias, la ley aprobatoria del C\u00f3digo Iberoamericano de Seguridad Social, la ley que crea el Fondo de Pensiones del Nivel Territorial y leyes de reforma al sistema de salud, pensiones, riegos laborales y de protecci\u00f3n social en general. Presidi\u00f3 en varias oportunidades la delegaci\u00f3n de Colombia ante la OIT en Ginebra, Suiza, participando activamente en la Conferencia Internacional del Trabajo en la que se aprob\u00f3 el Convenio de Protecci\u00f3n a la Maternidad 183 (2000).<\/p>\n\n\n\n<p>Ha sido Conjuez del Consejo de Estado de Colombia por siete a\u00f1os, se desempe\u00f1\u00f3 como Miembro de la Junta Nacional de Acreditaci\u00f3n en Salud del Sistema \u00danico de Garant\u00eda de la Calidad en Salud.<\/p>\n\n\n\n<p>Su trabajo por la igualdad de las mujeres es de vieja data, suscribi\u00f3, como Ministra de Trabajo y Seguridad Social la Ley 481 (2000) ley de cuotas para garantizar la efectiva participaci\u00f3n de las mujeres en los cargos p\u00fablicos.<\/p>\n\n\n\n<p>Bajo su liderazgo se firm\u00f3 el Pacto Iberoamericano por la igualdad entre hombres y mujeres en los sistemas de seguridad social en septiembre de 2016, y el Pacto \u201cEl aporte de las mujeres a la agenda 2030: Equidad de G\u00e9nero y Protecci\u00f3n Social\u201d, suscrito por 10 pa\u00edses Iberoamericanos.<\/p>\n\n\n\n<p>Desde su llegada a la Secretar\u00eda General con sede en Madrid (Espa\u00f1a), ha sido impulsora de diversas estrategias de gran trascendencia para la comunidad Iberoamericana de pa\u00edses y la ciudadan\u00eda en general. Mediante asistencia t\u00e9cnica, asesor\u00eda en las reformas de seguridad social de varios pa\u00edses, cooperaci\u00f3n, acciones de modernizaci\u00f3n de la gesti\u00f3n y nuevos programas de impulso de pol\u00edticas p\u00fablicas a los gobiernos e instituciones del \u00e1mbito de la seguridad y la protecci\u00f3n social, consolidando esta organizaci\u00f3n como un referente a nivel internacional.<\/p>\n\n\n\n<p>Entre los aportes m\u00e1s destacados se encuentra el logro de la aplicaci\u00f3n efectiva del Convenio Multilateral Iberoamericano de Seguridad Social, en Portugal en 2014, Argentina y Per\u00fa en 2016 y Rep\u00fablica Dominicana 2020, instrumento internacional que beneficia a los millones de personas trabajadoras migrantes de los pa\u00edses iberoamericanos, al que el pr\u00f3ximo pa\u00eds en sumarse ser\u00e1 Colombia.<\/p>\n\n\n\n<p>Sus aportes cubren diversos \u00e1mbitos, la colaboraci\u00f3n con otros organismos internacionales y agencias de Naciones Unidas como OIT, CEPAL, OPS. OCDE, OIM, AISS y CISS y otros Organismos del sistema Iberoamericano (SEGIB, OEI, COMJIB, OIJ), junto con la suscripci\u00f3n de &nbsp;m\u00e1s de un centenar de convenios de colaboraci\u00f3n con Gobiernos e Instituciones, &nbsp;la II y ahora III Estrategia Iberoamericana de Seguridad y Salud en el Trabajo, la secretar\u00eda t\u00e9cnica del programa iberoamericano de Persona Adulta Mayor y el empleo de las personas con discapacidad.<\/p>\n\n\n\n<p>Ha propuesto nuevas l\u00edneas de trabajo: armonizado el Plan Estrat\u00e9gico a los Objetivos de Desarrollo Sostenible de la Agenda 2030 y generando una l\u00ednea de trabajo estable en el fortalecimiento de los sistemas de salud buscando la cobertura universal, su estabilidad financiera y la mejora de la calidad y humanizaci\u00f3n de los servicios de salud; mejora de la gobernanza a trav\u00e9s de la digitalizaci\u00f3n y la aplicaci\u00f3n de nuevas tecnolog\u00edas de la informaci\u00f3n y la comunicaci\u00f3n; &nbsp;disminuci\u00f3n de la judicializaci\u00f3n y educaci\u00f3n en seguridad social, lo mismo que el fortalecimiento de la formaci\u00f3n y el mejoramiento de las capacidades de los gestores de las instituciones del \u00e1mbito de la seguridad social, potenciando la Atenci\u00f3n Primaria en Salud y la Econom\u00eda de la Salud.<\/p>\n\n\n\n<p>Con su direcci\u00f3n, se han puesto en marcha dos nuevo los Centros Iberoamericanos de Autonom\u00eda Personal y Apoyos Tecnol\u00f3gicos (CIAPAT) en Chile y Colombia, sum\u00e1ndose al de Argentina, y la creaci\u00f3n del Centro Iberoamericano de Estudios Sociales y de Formaci\u00f3n de la Organizaci\u00f3n Iberoamericana de Seguridad Social.<\/p>\n\n\n\n<p>En la actualidad lidera las estrategias de acompa\u00f1amiento a las instituciones de seguridad y protecci\u00f3n social de la regi\u00f3n para fortalecer la respuesta a la crisis sanitaria econ\u00f3mica y social generada por la COVID-19 promoviendo el reforzamiento de los sistemas de protecci\u00f3n social y una recuperaci\u00f3n equitativa y sostenible.<\/p>\n","protected":false},"excerpt":{"rendered":"<p>Secretaria General de la Organizaci\u00f3n Iberoamericana de Seguridad Social, primera mujer latinoamericana en ejercer este cargo para el que fue elegida por la Comisi\u00f3n Directiva de este Organismo Internacional y ratificada por el Congreso realizado en diciembre de 2021 en la Rep\u00fablica Dominicana, conformado por los 22 Gobiernos y 150 instituciones de Seguridad Social de los pa\u00edses Iberoamericanos. Cuenta con&#8230;<\/p>\n","protected":false},"author":1,"featured_media":501,"parent":0,"menu_order":0,"comment_status":"closed","ping_status":"closed","template":"","meta":{"_monsterinsights_skip_tracking":false,"_monsterinsights_sitenote_active":false,"_monsterinsights_sitenote_note":"","_monsterinsights_sitenote_category":0,"footnotes":""},"class_list":["post-2261","page","type-page","status-publish","has-post-thumbnail","hentry"],"yoast_head":"<!-- This site is optimized with the Yoast SEO plugin v20.2.1 - https:\/\/yoast.com\/wordpress\/plugins\/seo\/ -->\r\n<title>Gina Magnolia Ria\u00f1o Bar\u00f3n - Mes de la Seguridad Social<\/title>\r\n<meta name=\"robots\" content=\"index, follow, max-snippet:-1, max-image-preview:large, max-video-preview:-1\" \/>\r\n<link rel=\"canonical\" href=\"https:\/\/servicios.cnss.gob.do\/mes_seguridad_social_new\/gina-magnolia-riano-baron\/\" \/>\r\n<meta property=\"og:locale\" content=\"es_ES\" \/>\r\n<meta property=\"og:type\" content=\"article\" \/>\r\n<meta property=\"og:title\" content=\"Gina Magnolia Ria\u00f1o Bar\u00f3n - Mes de la Seguridad Social\" \/>\r\n<meta property=\"og:description\" content=\"Secretaria General de la Organizaci\u00f3n Iberoamericana de Seguridad Social, primera mujer latinoamericana en ejercer este cargo para el que fue elegida por la Comisi\u00f3n Directiva de este Organismo Internacional y ratificada por el Congreso realizado en diciembre de 2021 en la Rep\u00fablica Dominicana, conformado por los 22 Gobiernos y 150 instituciones de Seguridad Social de los pa\u00edses Iberoamericanos. Cuenta con...\" \/>\r\n<meta property=\"og:url\" content=\"https:\/\/servicios.cnss.gob.do\/mes_seguridad_social_new\/gina-magnolia-riano-baron\/\" \/>\r\n<meta property=\"og:site_name\" content=\"Mes de la Seguridad Social\" \/>\r\n<meta property=\"article:modified_time\" content=\"2023-05-02T22:14:18+00:00\" \/>\r\n<meta property=\"og:image\" content=\"https:\/\/servicios.cnss.gob.do\/mes_seguridad_social_new\/wp-content\/uploads\/2023\/03\/Foto-de-perfil-inmobiliaria-simple-con-foto-blanco-3.png\" \/>\r\n\t<meta property=\"og:image:width\" content=\"2048\" \/>\r\n\t<meta property=\"og:image:height\" content=\"2048\" \/>\r\n\t<meta property=\"og:image:type\" content=\"image\/png\" \/>\r\n<meta name=\"twitter:card\" content=\"summary_large_image\" \/>\r\n<meta name=\"twitter:label1\" content=\"Tiempo de lectura\" \/>\n\t<meta name=\"twitter:data1\" content=\"4 minutos\" \/>\r\n<script type=\"application\/ld+json\" class=\"yoast-schema-graph\">{\"@context\":\"https:\/\/schema.org\",\"@graph\":[{\"@type\":\"WebPage\",\"@id\":\"https:\/\/servicios.cnss.gob.do\/mes_seguridad_social_new\/gina-magnolia-riano-baron\/\",\"url\":\"https:\/\/servicios.cnss.gob.do\/mes_seguridad_social_new\/gina-magnolia-riano-baron\/\",\"name\":\"Gina Magnolia Ria\u00f1o Bar\u00f3n - Mes de la Seguridad Social\",\"isPartOf\":{\"@id\":\"https:\/\/servicios.cnss.gob.do\/mes_seguridad_social_new\/#website\"},\"datePublished\":\"2023-05-02T22:14:16+00:00\",\"dateModified\":\"2023-05-02T22:14:18+00:00\",\"breadcrumb\":{\"@id\":\"https:\/\/servicios.cnss.gob.do\/mes_seguridad_social_new\/gina-magnolia-riano-baron\/#breadcrumb\"},\"inLanguage\":\"es\",\"potentialAction\":[{\"@type\":\"ReadAction\",\"target\":[\"https:\/\/servicios.cnss.gob.do\/mes_seguridad_social_new\/gina-magnolia-riano-baron\/\"]}]},{\"@type\":\"BreadcrumbList\",\"@id\":\"https:\/\/servicios.cnss.gob.do\/mes_seguridad_social_new\/gina-magnolia-riano-baron\/#breadcrumb\",\"itemListElement\":[{\"@type\":\"ListItem\",\"position\":1,\"name\":\"Portada\",\"item\":\"https:\/\/servicios.cnss.gob.do\/mes_seguridad_social_new\/\"},{\"@type\":\"ListItem\",\"position\":2,\"name\":\"Gina Magnolia Ria\u00f1o Bar\u00f3n\"}]},{\"@type\":\"WebSite\",\"@id\":\"https:\/\/servicios.cnss.gob.do\/mes_seguridad_social_new\/#website\",\"url\":\"https:\/\/servicios.cnss.gob.do\/mes_seguridad_social_new\/\",\"name\":\"Mes de la Seguridad Social\",\"description\":\"\",\"publisher\":{\"@id\":\"https:\/\/servicios.cnss.gob.do\/mes_seguridad_social_new\/#organization\"},\"potentialAction\":[{\"@type\":\"SearchAction\",\"target\":{\"@type\":\"EntryPoint\",\"urlTemplate\":\"https:\/\/servicios.cnss.gob.do\/mes_seguridad_social_new\/?s={search_term_string}\"},\"query-input\":\"required name=search_term_string\"}],\"inLanguage\":\"es\"},{\"@type\":\"Organization\",\"@id\":\"https:\/\/servicios.cnss.gob.do\/mes_seguridad_social_new\/#organization\",\"name\":\"Mes de la Seguridad Social\",\"url\":\"https:\/\/servicios.cnss.gob.do\/mes_seguridad_social_new\/\",\"logo\":{\"@type\":\"ImageObject\",\"inLanguage\":\"es\",\"@id\":\"https:\/\/servicios.cnss.gob.do\/mes_seguridad_social_new\/#\/schema\/logo\/image\/\",\"url\":\"https:\/\/servicios.cnss.gob.do\/mes_seguridad_social_new\/wp-content\/uploads\/2023\/04\/cropped-Semana-de-la-SS-2023-logo-2-01-1.jpg\",\"contentUrl\":\"https:\/\/servicios.cnss.gob.do\/mes_seguridad_social_new\/wp-content\/uploads\/2023\/04\/cropped-Semana-de-la-SS-2023-logo-2-01-1.jpg\",\"width\":1373,\"height\":1316,\"caption\":\"Mes de la Seguridad Social\"},\"image\":{\"@id\":\"https:\/\/servicios.cnss.gob.do\/mes_seguridad_social_new\/#\/schema\/logo\/image\/\"}}]}<\/script>\r\n<!-- \/ Yoast SEO plugin. -->","yoast_head_json":{"title":"Gina Magnolia Ria\u00f1o Bar\u00f3n - Mes de la Seguridad Social","robots":{"index":"index","follow":"follow","max-snippet":"max-snippet:-1","max-image-preview":"max-image-preview:large","max-video-preview":"max-video-preview:-1"},"canonical":"https:\/\/servicios.cnss.gob.do\/mes_seguridad_social_new\/gina-magnolia-riano-baron\/","og_locale":"es_ES","og_type":"article","og_title":"Gina Magnolia Ria\u00f1o Bar\u00f3n - Mes de la Seguridad Social","og_description":"Secretaria General de la Organizaci\u00f3n Iberoamericana de Seguridad Social, primera mujer latinoamericana en ejercer este cargo para el que fue elegida por la Comisi\u00f3n Directiva de este Organismo Internacional y ratificada por el Congreso realizado en diciembre de 2021 en la Rep\u00fablica Dominicana, conformado por los 22 Gobiernos y 150 instituciones de Seguridad Social de los pa\u00edses Iberoamericanos. Cuenta con...","og_url":"https:\/\/servicios.cnss.gob.do\/mes_seguridad_social_new\/gina-magnolia-riano-baron\/","og_site_name":"Mes de la Seguridad Social","article_modified_time":"2023-05-02T22:14:18+00:00","og_image":[{"width":2048,"height":2048,"url":"https:\/\/servicios.cnss.gob.do\/mes_seguridad_social_new\/wp-content\/uploads\/2023\/03\/Foto-de-perfil-inmobiliaria-simple-con-foto-blanco-3.png","type":"image\/png"}],"twitter_card":"summary_large_image","twitter_misc":{"Tiempo de lectura":"4 minutos"},"schema":{"@context":"https:\/\/schema.org","@graph":[{"@type":"WebPage","@id":"https:\/\/servicios.cnss.gob.do\/mes_seguridad_social_new\/gina-magnolia-riano-baron\/","url":"https:\/\/servicios.cnss.gob.do\/mes_seguridad_social_new\/gina-magnolia-riano-baron\/","name":"Gina Magnolia Ria\u00f1o Bar\u00f3n - Mes de la Seguridad Social","isPartOf":{"@id":"https:\/\/servicios.cnss.gob.do\/mes_seguridad_social_new\/#website"},"datePublished":"2023-05-02T22:14:16+00:00","dateModified":"2023-05-02T22:14:18+00:00","breadcrumb":{"@id":"https:\/\/servicios.cnss.gob.do\/mes_seguridad_social_new\/gina-magnolia-riano-baron\/#breadcrumb"},"inLanguage":"es","potentialAction":[{"@type":"ReadAction","target":["https:\/\/servicios.cnss.gob.do\/mes_seguridad_social_new\/gina-magnolia-riano-baron\/"]}]},{"@type":"BreadcrumbList","@id":"https:\/\/servicios.cnss.gob.do\/mes_seguridad_social_new\/gina-magnolia-riano-baron\/#breadcrumb","itemListElement":[{"@type":"ListItem","position":1,"name":"Portada","item":"https:\/\/servicios.cnss.gob.do\/mes_seguridad_social_new\/"},{"@type":"ListItem","position":2,"name":"Gina Magnolia Ria\u00f1o Bar\u00f3n"}]},{"@type":"WebSite","@id":"https:\/\/servicios.cnss.gob.do\/mes_seguridad_social_new\/#website","url":"https:\/\/servicios.cnss.gob.do\/mes_seguridad_social_new\/","name":"Mes de la Seguridad Social","description":"","publisher":{"@id":"https:\/\/servicios.cnss.gob.do\/mes_seguridad_social_new\/#organization"},"potentialAction":[{"@type":"SearchAction","target":{"@type":"EntryPoint","urlTemplate":"https:\/\/servicios.cnss.gob.do\/mes_seguridad_social_new\/?s={search_term_string}"},"query-input":"required name=search_term_string"}],"inLanguage":"es"},{"@type":"Organization","@id":"https:\/\/servicios.cnss.gob.do\/mes_seguridad_social_new\/#organization","name":"Mes de la Seguridad Social","url":"https:\/\/servicios.cnss.gob.do\/mes_seguridad_social_new\/","logo":{"@type":"ImageObject","inLanguage":"es","@id":"https:\/\/servicios.cnss.gob.do\/mes_seguridad_social_new\/#\/schema\/logo\/image\/","url":"https:\/\/servicios.cnss.gob.do\/mes_seguridad_social_new\/wp-content\/uploads\/2023\/04\/cropped-Semana-de-la-SS-2023-logo-2-01-1.jpg","contentUrl":"https:\/\/servicios.cnss.gob.do\/mes_seguridad_social_new\/wp-content\/uploads\/2023\/04\/cropped-Semana-de-la-SS-2023-logo-2-01-1.jpg","width":1373,"height":1316,"caption":"Mes de la Seguridad Social"},"image":{"@id":"https:\/\/servicios.cnss.gob.do\/mes_seguridad_social_new\/#\/schema\/logo\/image\/"}}]}},"_links":{"self":[{"href":"https:\/\/servicios.cnss.gob.do\/mes_seguridad_social_new\/wp-json\/wp\/v2\/pages\/2261","targetHints":{"allow":["GET"]}}],"collection":[{"href":"https:\/\/servicios.cnss.gob.do\/mes_seguridad_social_new\/wp-json\/wp\/v2\/pages"}],"about":[{"href":"https:\/\/servicios.cnss.gob.do\/mes_seguridad_social_new\/wp-json\/wp\/v2\/types\/page"}],"author":[{"embeddable":true,"href":"https:\/\/servicios.cnss.gob.do\/mes_seguridad_social_new\/wp-json\/wp\/v2\/users\/1"}],"replies":[{"embeddable":true,"href":"https:\/\/servicios.cnss.gob.do\/mes_seguridad_social_new\/wp-json\/wp\/v2\/comments?post=2261"}],"version-history":[{"count":1,"href":"https:\/\/servicios.cnss.gob.do\/mes_seguridad_social_new\/wp-json\/wp\/v2\/pages\/2261\/revisions"}],"predecessor-version":[{"id":2262,"href":"https:\/\/servicios.cnss.gob.do\/mes_seguridad_social_new\/wp-json\/wp\/v2\/pages\/2261\/revisions\/2262"}],"wp:featuredmedia":[{"embeddable":true,"href":"https:\/\/servicios.cnss.gob.do\/mes_seguridad_social_new\/wp-json\/wp\/v2\/media\/501"}],"wp:attachment":[{"href":"https:\/\/servicios.cnss.gob.do\/mes_seguridad_social_new\/wp-json\/wp\/v2\/media?parent=2261"}],"curies":[{"name":"wp","href":"https:\/\/api.w.org\/{rel}","templated":true}]}}