{"id":2272,"date":"2023-05-02T22:19:06","date_gmt":"2023-05-02T22:19:06","guid":{"rendered":"https:\/\/servicios.cnss.gob.do\/mes_seguridad_social_new\/?page_id=2272"},"modified":"2023-05-10T11:57:15","modified_gmt":"2023-05-10T11:57:15","slug":"jose-gaspar-rodriguez-mendoza","status":"publish","type":"page","link":"https:\/\/servicios.cnss.gob.do\/mes_seguridad_social_new\/jose-gaspar-rodriguez-mendoza\/","title":{"rendered":"Jos\u00e9 Gaspar Rodr\u00edguez Mendoza"},"content":{"rendered":"\n<p>Jos\u00e9 Gaspar Rodr\u00edguez Mendoza, es doctor en medicina por la Universidad Nacional Aut\u00f3noma de Honduras (UNAH), con especialidad en Nefrolog\u00eda Pedi\u00e1trica, por el Instituto Nacional de Pediatr\u00eda de Ciudad de M\u00e9xico y Epidemi\u00f3logo tambi\u00e9n por la UNAH.<\/p>\n\n\n\n<p>Posee una maestr\u00eda en Administraci\u00f3n de Empresas por la UNAH y de Demograf\u00eda y Desarrollo de la UNAH.<\/p>\n\n\n\n<p>Rodr\u00edguez Mendoza goza de 25 a\u00f1os de experiencia en el IHSS, desempe\u00f1\u00e1ndose tambi\u00e9n en aspectos \u00e9ticos en su labor.<\/p>\n\n\n\n<p>Es presidente del Tribunal de Honor del Colegio M\u00e9dico de Honduras (CMH), hace cinco a\u00f1os, miembro de la Comisi\u00f3n de \u00c9tica del CMH, por m\u00e1s de 15 a\u00f1os y del Comit\u00e9 de Bio\u00e9tica del IHSS por 15 a\u00f1os.<\/p>\n\n\n\n<p>En la actualidad se encuentra ocupando el cargo de director ejecutivo del Instituto Hondure\u00f1o de Seguridad Social (IHSS) y la presidencia pro tempore del Consejo de Institutos de Seguridad Social de Centroam\u00e9rica y Rep\u00fablica Dominicana (CISSCAD).<\/p>\n","protected":false},"excerpt":{"rendered":"<p>Jos\u00e9 Gaspar Rodr\u00edguez Mendoza, es doctor en medicina por la Universidad Nacional Aut\u00f3noma de Honduras (UNAH), con especialidad en Nefrolog\u00eda Pedi\u00e1trica, por el Instituto Nacional de Pediatr\u00eda de Ciudad de M\u00e9xico y Epidemi\u00f3logo tambi\u00e9n por la UNAH. Posee una maestr\u00eda en Administraci\u00f3n de Empresas por la UNAH y de Demograf\u00eda y Desarrollo de la UNAH. Rodr\u00edguez Mendoza goza de 25&#8230;<\/p>\n","protected":false},"author":1,"featured_media":776,"parent":0,"menu_order":0,"comment_status":"closed","ping_status":"closed","template":"","meta":{"_monsterinsights_skip_tracking":false,"_monsterinsights_sitenote_active":false,"_monsterinsights_sitenote_note":"","_monsterinsights_sitenote_category":0,"footnotes":""},"class_list":["post-2272","page","type-page","status-publish","has-post-thumbnail","hentry"],"yoast_head":"<!-- This site is optimized with the Yoast SEO plugin v20.2.1 - https:\/\/yoast.com\/wordpress\/plugins\/seo\/ -->\r\n<title>Jos\u00e9 Gaspar Rodr\u00edguez Mendoza - Mes de la Seguridad Social<\/title>\r\n<meta name=\"description\" content=\"Jos\u00e9 Gaspar Rodr\u00edguez Mendoza, es doctor en medicina por la Universidad Nacional Aut\u00f3noma de Honduras (UNAH), con especialidad en Nefrolog\u00eda Pedi\u00e1trica\" \/>\r\n<meta name=\"robots\" content=\"index, follow, max-snippet:-1, max-image-preview:large, max-video-preview:-1\" \/>\r\n<link rel=\"canonical\" href=\"https:\/\/servicios.cnss.gob.do\/mes_seguridad_social_new\/jose-gaspar-rodriguez-mendoza\/\" \/>\r\n<meta property=\"og:locale\" content=\"es_ES\" \/>\r\n<meta property=\"og:type\" content=\"article\" \/>\r\n<meta property=\"og:title\" content=\"Jos\u00e9 Gaspar Rodr\u00edguez Mendoza - Mes de la Seguridad Social\" \/>\r\n<meta property=\"og:description\" content=\"Jos\u00e9 Gaspar Rodr\u00edguez Mendoza, es doctor en medicina por la Universidad Nacional Aut\u00f3noma de Honduras (UNAH), con especialidad en Nefrolog\u00eda Pedi\u00e1trica\" \/>\r\n<meta property=\"og:url\" content=\"https:\/\/servicios.cnss.gob.do\/mes_seguridad_social_new\/jose-gaspar-rodriguez-mendoza\/\" \/>\r\n<meta property=\"og:site_name\" content=\"Mes de la Seguridad Social\" \/>\r\n<meta property=\"article:modified_time\" content=\"2023-05-10T11:57:15+00:00\" \/>\r\n<meta property=\"og:image\" content=\"https:\/\/servicios.cnss.gob.do\/mes_seguridad_social_new\/wp-content\/uploads\/2023\/04\/Dr.-Gaspar.png\" \/>\r\n\t<meta property=\"og:image:width\" content=\"2048\" \/>\r\n\t<meta property=\"og:image:height\" content=\"2048\" \/>\r\n\t<meta property=\"og:image:type\" content=\"image\/png\" \/>\r\n<meta name=\"twitter:card\" content=\"summary_large_image\" \/>\r\n<meta name=\"twitter:label1\" content=\"Tiempo de lectura\" \/>\n\t<meta name=\"twitter:data1\" content=\"1 minuto\" \/>\r\n<script type=\"application\/ld+json\" class=\"yoast-schema-graph\">{\"@context\":\"https:\/\/schema.org\",\"@graph\":[{\"@type\":\"WebPage\",\"@id\":\"https:\/\/servicios.cnss.gob.do\/mes_seguridad_social_new\/jose-gaspar-rodriguez-mendoza\/\",\"url\":\"https:\/\/servicios.cnss.gob.do\/mes_seguridad_social_new\/jose-gaspar-rodriguez-mendoza\/\",\"name\":\"Jos\u00e9 Gaspar Rodr\u00edguez Mendoza - Mes de la Seguridad Social\",\"isPartOf\":{\"@id\":\"https:\/\/servicios.cnss.gob.do\/mes_seguridad_social_new\/#website\"},\"datePublished\":\"2023-05-02T22:19:06+00:00\",\"dateModified\":\"2023-05-10T11:57:15+00:00\",\"description\":\"Jos\u00e9 Gaspar Rodr\u00edguez Mendoza, es doctor en medicina por la Universidad Nacional Aut\u00f3noma de Honduras (UNAH), con especialidad en Nefrolog\u00eda Pedi\u00e1trica\",\"breadcrumb\":{\"@id\":\"https:\/\/servicios.cnss.gob.do\/mes_seguridad_social_new\/jose-gaspar-rodriguez-mendoza\/#breadcrumb\"},\"inLanguage\":\"es\",\"potentialAction\":[{\"@type\":\"ReadAction\",\"target\":[\"https:\/\/servicios.cnss.gob.do\/mes_seguridad_social_new\/jose-gaspar-rodriguez-mendoza\/\"]}]},{\"@type\":\"BreadcrumbList\",\"@id\":\"https:\/\/servicios.cnss.gob.do\/mes_seguridad_social_new\/jose-gaspar-rodriguez-mendoza\/#breadcrumb\",\"itemListElement\":[{\"@type\":\"ListItem\",\"position\":1,\"name\":\"Portada\",\"item\":\"https:\/\/servicios.cnss.gob.do\/mes_seguridad_social_new\/\"},{\"@type\":\"ListItem\",\"position\":2,\"name\":\"Jos\u00e9 Gaspar Rodr\u00edguez Mendoza\"}]},{\"@type\":\"WebSite\",\"@id\":\"https:\/\/servicios.cnss.gob.do\/mes_seguridad_social_new\/#website\",\"url\":\"https:\/\/servicios.cnss.gob.do\/mes_seguridad_social_new\/\",\"name\":\"Mes de la Seguridad Social\",\"description\":\"\",\"publisher\":{\"@id\":\"https:\/\/servicios.cnss.gob.do\/mes_seguridad_social_new\/#organization\"},\"potentialAction\":[{\"@type\":\"SearchAction\",\"target\":{\"@type\":\"EntryPoint\",\"urlTemplate\":\"https:\/\/servicios.cnss.gob.do\/mes_seguridad_social_new\/?s={search_term_string}\"},\"query-input\":\"required name=search_term_string\"}],\"inLanguage\":\"es\"},{\"@type\":\"Organization\",\"@id\":\"https:\/\/servicios.cnss.gob.do\/mes_seguridad_social_new\/#organization\",\"name\":\"Mes de la Seguridad Social\",\"url\":\"https:\/\/servicios.cnss.gob.do\/mes_seguridad_social_new\/\",\"logo\":{\"@type\":\"ImageObject\",\"inLanguage\":\"es\",\"@id\":\"https:\/\/servicios.cnss.gob.do\/mes_seguridad_social_new\/#\/schema\/logo\/image\/\",\"url\":\"https:\/\/servicios.cnss.gob.do\/mes_seguridad_social_new\/wp-content\/uploads\/2023\/04\/cropped-Semana-de-la-SS-2023-logo-2-01-1.jpg\",\"contentUrl\":\"https:\/\/servicios.cnss.gob.do\/mes_seguridad_social_new\/wp-content\/uploads\/2023\/04\/cropped-Semana-de-la-SS-2023-logo-2-01-1.jpg\",\"width\":1373,\"height\":1316,\"caption\":\"Mes de la Seguridad Social\"},\"image\":{\"@id\":\"https:\/\/servicios.cnss.gob.do\/mes_seguridad_social_new\/#\/schema\/logo\/image\/\"}}]}<\/script>\r\n<!-- \/ Yoast SEO plugin. -->","yoast_head_json":{"title":"Jos\u00e9 Gaspar Rodr\u00edguez Mendoza - Mes de la Seguridad Social","description":"Jos\u00e9 Gaspar Rodr\u00edguez Mendoza, es doctor en medicina por la Universidad Nacional Aut\u00f3noma de Honduras (UNAH), con especialidad en Nefrolog\u00eda Pedi\u00e1trica","robots":{"index":"index","follow":"follow","max-snippet":"max-snippet:-1","max-image-preview":"max-image-preview:large","max-video-preview":"max-video-preview:-1"},"canonical":"https:\/\/servicios.cnss.gob.do\/mes_seguridad_social_new\/jose-gaspar-rodriguez-mendoza\/","og_locale":"es_ES","og_type":"article","og_title":"Jos\u00e9 Gaspar Rodr\u00edguez Mendoza - Mes de la Seguridad Social","og_description":"Jos\u00e9 Gaspar Rodr\u00edguez Mendoza, es doctor en medicina por la Universidad Nacional Aut\u00f3noma de Honduras (UNAH), con especialidad en Nefrolog\u00eda Pedi\u00e1trica","og_url":"https:\/\/servicios.cnss.gob.do\/mes_seguridad_social_new\/jose-gaspar-rodriguez-mendoza\/","og_site_name":"Mes de la Seguridad Social","article_modified_time":"2023-05-10T11:57:15+00:00","og_image":[{"width":2048,"height":2048,"url":"https:\/\/servicios.cnss.gob.do\/mes_seguridad_social_new\/wp-content\/uploads\/2023\/04\/Dr.-Gaspar.png","type":"image\/png"}],"twitter_card":"summary_large_image","twitter_misc":{"Tiempo de lectura":"1 minuto"},"schema":{"@context":"https:\/\/schema.org","@graph":[{"@type":"WebPage","@id":"https:\/\/servicios.cnss.gob.do\/mes_seguridad_social_new\/jose-gaspar-rodriguez-mendoza\/","url":"https:\/\/servicios.cnss.gob.do\/mes_seguridad_social_new\/jose-gaspar-rodriguez-mendoza\/","name":"Jos\u00e9 Gaspar Rodr\u00edguez Mendoza - Mes de la Seguridad Social","isPartOf":{"@id":"https:\/\/servicios.cnss.gob.do\/mes_seguridad_social_new\/#website"},"datePublished":"2023-05-02T22:19:06+00:00","dateModified":"2023-05-10T11:57:15+00:00","description":"Jos\u00e9 Gaspar Rodr\u00edguez Mendoza, es doctor en medicina por la Universidad Nacional Aut\u00f3noma de Honduras (UNAH), con especialidad en Nefrolog\u00eda Pedi\u00e1trica","breadcrumb":{"@id":"https:\/\/servicios.cnss.gob.do\/mes_seguridad_social_new\/jose-gaspar-rodriguez-mendoza\/#breadcrumb"},"inLanguage":"es","potentialAction":[{"@type":"ReadAction","target":["https:\/\/servicios.cnss.gob.do\/mes_seguridad_social_new\/jose-gaspar-rodriguez-mendoza\/"]}]},{"@type":"BreadcrumbList","@id":"https:\/\/servicios.cnss.gob.do\/mes_seguridad_social_new\/jose-gaspar-rodriguez-mendoza\/#breadcrumb","itemListElement":[{"@type":"ListItem","position":1,"name":"Portada","item":"https:\/\/servicios.cnss.gob.do\/mes_seguridad_social_new\/"},{"@type":"ListItem","position":2,"name":"Jos\u00e9 Gaspar Rodr\u00edguez Mendoza"}]},{"@type":"WebSite","@id":"https:\/\/servicios.cnss.gob.do\/mes_seguridad_social_new\/#website","url":"https:\/\/servicios.cnss.gob.do\/mes_seguridad_social_new\/","name":"Mes de la Seguridad Social","description":"","publisher":{"@id":"https:\/\/servicios.cnss.gob.do\/mes_seguridad_social_new\/#organization"},"potentialAction":[{"@type":"SearchAction","target":{"@type":"EntryPoint","urlTemplate":"https:\/\/servicios.cnss.gob.do\/mes_seguridad_social_new\/?s={search_term_string}"},"query-input":"required name=search_term_string"}],"inLanguage":"es"},{"@type":"Organization","@id":"https:\/\/servicios.cnss.gob.do\/mes_seguridad_social_new\/#organization","name":"Mes de la Seguridad Social","url":"https:\/\/servicios.cnss.gob.do\/mes_seguridad_social_new\/","logo":{"@type":"ImageObject","inLanguage":"es","@id":"https:\/\/servicios.cnss.gob.do\/mes_seguridad_social_new\/#\/schema\/logo\/image\/","url":"https:\/\/servicios.cnss.gob.do\/mes_seguridad_social_new\/wp-content\/uploads\/2023\/04\/cropped-Semana-de-la-SS-2023-logo-2-01-1.jpg","contentUrl":"https:\/\/servicios.cnss.gob.do\/mes_seguridad_social_new\/wp-content\/uploads\/2023\/04\/cropped-Semana-de-la-SS-2023-logo-2-01-1.jpg","width":1373,"height":1316,"caption":"Mes de la Seguridad Social"},"image":{"@id":"https:\/\/servicios.cnss.gob.do\/mes_seguridad_social_new\/#\/schema\/logo\/image\/"}}]}},"_links":{"self":[{"href":"https:\/\/servicios.cnss.gob.do\/mes_seguridad_social_new\/wp-json\/wp\/v2\/pages\/2272","targetHints":{"allow":["GET"]}}],"collection":[{"href":"https:\/\/servicios.cnss.gob.do\/mes_seguridad_social_new\/wp-json\/wp\/v2\/pages"}],"about":[{"href":"https:\/\/servicios.cnss.gob.do\/mes_seguridad_social_new\/wp-json\/wp\/v2\/types\/page"}],"author":[{"embeddable":true,"href":"https:\/\/servicios.cnss.gob.do\/mes_seguridad_social_new\/wp-json\/wp\/v2\/users\/1"}],"replies":[{"embeddable":true,"href":"https:\/\/servicios.cnss.gob.do\/mes_seguridad_social_new\/wp-json\/wp\/v2\/comments?post=2272"}],"version-history":[{"count":3,"href":"https:\/\/servicios.cnss.gob.do\/mes_seguridad_social_new\/wp-json\/wp\/v2\/pages\/2272\/revisions"}],"predecessor-version":[{"id":2493,"href":"https:\/\/servicios.cnss.gob.do\/mes_seguridad_social_new\/wp-json\/wp\/v2\/pages\/2272\/revisions\/2493"}],"wp:featuredmedia":[{"embeddable":true,"href":"https:\/\/servicios.cnss.gob.do\/mes_seguridad_social_new\/wp-json\/wp\/v2\/media\/776"}],"wp:attachment":[{"href":"https:\/\/servicios.cnss.gob.do\/mes_seguridad_social_new\/wp-json\/wp\/v2\/media?parent=2272"}],"curies":[{"name":"wp","href":"https:\/\/api.w.org\/{rel}","templated":true}]}}