{"id":2277,"date":"2023-05-02T22:22:53","date_gmt":"2023-05-02T22:22:53","guid":{"rendered":"https:\/\/servicios.cnss.gob.do\/mes_seguridad_social_new\/?page_id=2277"},"modified":"2023-05-08T17:41:23","modified_gmt":"2023-05-08T17:41:23","slug":"eduardo-roberto-mendez-marquici","status":"publish","type":"page","link":"https:\/\/servicios.cnss.gob.do\/mes_seguridad_social_new\/eduardo-roberto-mendez-marquici\/","title":{"rendered":"Eduardo Roberto M\u00e9ndez Marquici"},"content":{"rendered":"\n<p>Actualmente, se desempe\u00f1a como Director del Centro de Estudios en Seguridad Social, Salud y Administraci\u00f3n del BPS en Uruguay donde lidera diversos proyectos y actividades vinculadas a la seguridad social, administraci\u00f3n p\u00fablica, gesti\u00f3n, desarrollo y formaci\u00f3n del capital humano, as\u00ed como procesos vinculados al cambio cultural.<\/p>\n\n\n\n<p>Es Coordinador del Proyecto de Educaci\u00f3n en Derechos y Obligaciones en Seguridad Social del BPS en Uruguay, cuyo objetivo es promover la cultura de seguridad social y fortalecer la protecci\u00f3n social en el pa\u00eds.<\/p>\n\n\n\n<p>Tambi\u00e9n, forma parte de la Junta Nacional de Cuidados de Uruguay como miembro alterno y de la comisi\u00f3n de formaci\u00f3n del Sistema Nacional de Cuidados.<\/p>\n\n\n\n<p>Asimismo, es consultor, referente y experto en procesos de creaci\u00f3n de cultura en seguridad social y formaci\u00f3n de capital humano para la Organizaci\u00f3n Internacional del Trabajo (OIT), colaborando en diversos proyectos y programas a nivel internacional.<\/p>\n\n\n\n<p>Adem\u00e1s, ha colaborado con la Asociaci\u00f3n Internacional de la Seguridad Social en directrices de comunicaci\u00f3n y con la Organizaci\u00f3n Iberoamericana de la Seguridad Social en el \u00e1rea de educaci\u00f3n en seguridad social.<\/p>\n\n\n\n<p>Anteriormente, fue profesor en la Maestr\u00eda en Gesti\u00f3n de Centros Educativos de la Universidad ORT Uruguay donde se desempe\u00f1\u00f3 adem\u00e1s como investigador en la Facultad de&nbsp; Administraci\u00f3n y Ciencias Sociales.<\/p>\n\n\n\n<p>Eduardo M\u00e9ndez cuenta con un M\u00e1ster en Direcci\u00f3n y Gesti\u00f3n de los Sistemas de Seguridad Social de la Universidad de Alcal\u00e1 y la Organizaci\u00f3n Iberoamericana en Seguridad Social de Madrid, as\u00ed como un M\u00e1ster en Ciencias de la Educaci\u00f3n con \u00e9nfasis en investigaci\u00f3n de ense\u00f1anza y aprendizaje de la Universidad ORT del Uruguay. Cuenta adem\u00e1s con postgrados en Educaci\u00f3n cursados en dicha universidad.<\/p>\n\n\n\n<p>Es Profesor de Educaci\u00f3n Media egresado del Instituto de Profesores Artigas del Uruguay y Maestro de Educaci\u00f3n Primaria del Instituto Comenio&nbsp;del&nbsp;Uruguay.<\/p>\n","protected":false},"excerpt":{"rendered":"<p>Actualmente, se desempe\u00f1a como Director del Centro de Estudios en Seguridad Social, Salud y Administraci\u00f3n del BPS en Uruguay donde lidera diversos proyectos y actividades vinculadas a la seguridad social, administraci\u00f3n p\u00fablica, gesti\u00f3n, desarrollo y formaci\u00f3n del capital humano, as\u00ed como procesos vinculados al cambio cultural. Es Coordinador del Proyecto de Educaci\u00f3n en Derechos y Obligaciones en Seguridad Social del&#8230;<\/p>\n","protected":false},"author":1,"featured_media":607,"parent":0,"menu_order":0,"comment_status":"closed","ping_status":"closed","template":"","meta":{"_monsterinsights_skip_tracking":false,"_monsterinsights_sitenote_active":false,"_monsterinsights_sitenote_note":"","_monsterinsights_sitenote_category":0,"footnotes":""},"class_list":["post-2277","page","type-page","status-publish","has-post-thumbnail","hentry"],"yoast_head":"<!-- This site is optimized with the Yoast SEO plugin v20.2.1 - https:\/\/yoast.com\/wordpress\/plugins\/seo\/ -->\r\n<title>Eduardo Roberto M\u00e9ndez Marquici - Mes de la Seguridad Social<\/title>\r\n<meta name=\"description\" content=\"Actualmente, se desempe\u00f1a como Director del Centro de Estudios en Seguridad Social, Salud y Administraci\u00f3n del BPS en Uruguay donde lidera diversos proyectos y actividades vinculadas a la seguridad social, administraci\u00f3n p\u00fablica, gesti\u00f3n, desarrollo y formaci\u00f3n del capital humano, as\u00ed como procesos vinculados al cambio cultural.\" \/>\r\n<meta name=\"robots\" content=\"index, follow, max-snippet:-1, max-image-preview:large, max-video-preview:-1\" \/>\r\n<link rel=\"canonical\" href=\"https:\/\/servicios.cnss.gob.do\/mes_seguridad_social_new\/eduardo-roberto-mendez-marquici\/\" \/>\r\n<meta property=\"og:locale\" content=\"es_ES\" \/>\r\n<meta property=\"og:type\" content=\"article\" \/>\r\n<meta property=\"og:title\" content=\"Eduardo Roberto M\u00e9ndez Marquici - Mes de la Seguridad Social\" \/>\r\n<meta property=\"og:description\" content=\"Actualmente, se desempe\u00f1a como Director del Centro de Estudios en Seguridad Social, Salud y Administraci\u00f3n del BPS en Uruguay donde lidera diversos proyectos y actividades vinculadas a la seguridad social, administraci\u00f3n p\u00fablica, gesti\u00f3n, desarrollo y formaci\u00f3n del capital humano, as\u00ed como procesos vinculados al cambio cultural.\" \/>\r\n<meta property=\"og:url\" content=\"https:\/\/servicios.cnss.gob.do\/mes_seguridad_social_new\/eduardo-roberto-mendez-marquici\/\" \/>\r\n<meta property=\"og:site_name\" content=\"Mes de la Seguridad Social\" \/>\r\n<meta property=\"article:modified_time\" content=\"2023-05-08T17:41:23+00:00\" \/>\r\n<meta property=\"og:image\" content=\"https:\/\/servicios.cnss.gob.do\/mes_seguridad_social_new\/wp-content\/uploads\/2023\/04\/EduardoMendezPanelista.png\" \/>\r\n\t<meta property=\"og:image:width\" content=\"2048\" \/>\r\n\t<meta property=\"og:image:height\" content=\"2048\" \/>\r\n\t<meta property=\"og:image:type\" content=\"image\/png\" \/>\r\n<meta name=\"twitter:card\" content=\"summary_large_image\" \/>\r\n<meta name=\"twitter:label1\" content=\"Tiempo de lectura\" \/>\n\t<meta name=\"twitter:data1\" content=\"2 minutos\" \/>\r\n<script type=\"application\/ld+json\" class=\"yoast-schema-graph\">{\"@context\":\"https:\/\/schema.org\",\"@graph\":[{\"@type\":\"WebPage\",\"@id\":\"https:\/\/servicios.cnss.gob.do\/mes_seguridad_social_new\/eduardo-roberto-mendez-marquici\/\",\"url\":\"https:\/\/servicios.cnss.gob.do\/mes_seguridad_social_new\/eduardo-roberto-mendez-marquici\/\",\"name\":\"Eduardo Roberto M\u00e9ndez Marquici - Mes de la Seguridad Social\",\"isPartOf\":{\"@id\":\"https:\/\/servicios.cnss.gob.do\/mes_seguridad_social_new\/#website\"},\"datePublished\":\"2023-05-02T22:22:53+00:00\",\"dateModified\":\"2023-05-08T17:41:23+00:00\",\"description\":\"Actualmente, se desempe\u00f1a como Director del Centro de Estudios en Seguridad Social, Salud y Administraci\u00f3n del BPS en Uruguay donde lidera diversos proyectos y actividades vinculadas a la seguridad social, administraci\u00f3n p\u00fablica, gesti\u00f3n, desarrollo y formaci\u00f3n del capital humano, as\u00ed como procesos vinculados al cambio cultural.\",\"breadcrumb\":{\"@id\":\"https:\/\/servicios.cnss.gob.do\/mes_seguridad_social_new\/eduardo-roberto-mendez-marquici\/#breadcrumb\"},\"inLanguage\":\"es\",\"potentialAction\":[{\"@type\":\"ReadAction\",\"target\":[\"https:\/\/servicios.cnss.gob.do\/mes_seguridad_social_new\/eduardo-roberto-mendez-marquici\/\"]}]},{\"@type\":\"BreadcrumbList\",\"@id\":\"https:\/\/servicios.cnss.gob.do\/mes_seguridad_social_new\/eduardo-roberto-mendez-marquici\/#breadcrumb\",\"itemListElement\":[{\"@type\":\"ListItem\",\"position\":1,\"name\":\"Portada\",\"item\":\"https:\/\/servicios.cnss.gob.do\/mes_seguridad_social_new\/\"},{\"@type\":\"ListItem\",\"position\":2,\"name\":\"Eduardo Roberto M\u00e9ndez Marquici\"}]},{\"@type\":\"WebSite\",\"@id\":\"https:\/\/servicios.cnss.gob.do\/mes_seguridad_social_new\/#website\",\"url\":\"https:\/\/servicios.cnss.gob.do\/mes_seguridad_social_new\/\",\"name\":\"Mes de la Seguridad Social\",\"description\":\"\",\"publisher\":{\"@id\":\"https:\/\/servicios.cnss.gob.do\/mes_seguridad_social_new\/#organization\"},\"potentialAction\":[{\"@type\":\"SearchAction\",\"target\":{\"@type\":\"EntryPoint\",\"urlTemplate\":\"https:\/\/servicios.cnss.gob.do\/mes_seguridad_social_new\/?s={search_term_string}\"},\"query-input\":\"required name=search_term_string\"}],\"inLanguage\":\"es\"},{\"@type\":\"Organization\",\"@id\":\"https:\/\/servicios.cnss.gob.do\/mes_seguridad_social_new\/#organization\",\"name\":\"Mes de la Seguridad Social\",\"url\":\"https:\/\/servicios.cnss.gob.do\/mes_seguridad_social_new\/\",\"logo\":{\"@type\":\"ImageObject\",\"inLanguage\":\"es\",\"@id\":\"https:\/\/servicios.cnss.gob.do\/mes_seguridad_social_new\/#\/schema\/logo\/image\/\",\"url\":\"https:\/\/servicios.cnss.gob.do\/mes_seguridad_social_new\/wp-content\/uploads\/2023\/04\/cropped-Semana-de-la-SS-2023-logo-2-01-1.jpg\",\"contentUrl\":\"https:\/\/servicios.cnss.gob.do\/mes_seguridad_social_new\/wp-content\/uploads\/2023\/04\/cropped-Semana-de-la-SS-2023-logo-2-01-1.jpg\",\"width\":1373,\"height\":1316,\"caption\":\"Mes de la Seguridad Social\"},\"image\":{\"@id\":\"https:\/\/servicios.cnss.gob.do\/mes_seguridad_social_new\/#\/schema\/logo\/image\/\"}}]}<\/script>\r\n<!-- \/ Yoast SEO plugin. -->","yoast_head_json":{"title":"Eduardo Roberto M\u00e9ndez Marquici - Mes de la Seguridad Social","description":"Actualmente, se desempe\u00f1a como Director del Centro de Estudios en Seguridad Social, Salud y Administraci\u00f3n del BPS en Uruguay donde lidera diversos proyectos y actividades vinculadas a la seguridad social, administraci\u00f3n p\u00fablica, gesti\u00f3n, desarrollo y formaci\u00f3n del capital humano, as\u00ed como procesos vinculados al cambio cultural.","robots":{"index":"index","follow":"follow","max-snippet":"max-snippet:-1","max-image-preview":"max-image-preview:large","max-video-preview":"max-video-preview:-1"},"canonical":"https:\/\/servicios.cnss.gob.do\/mes_seguridad_social_new\/eduardo-roberto-mendez-marquici\/","og_locale":"es_ES","og_type":"article","og_title":"Eduardo Roberto M\u00e9ndez Marquici - Mes de la Seguridad Social","og_description":"Actualmente, se desempe\u00f1a como Director del Centro de Estudios en Seguridad Social, Salud y Administraci\u00f3n del BPS en Uruguay donde lidera diversos proyectos y actividades vinculadas a la seguridad social, administraci\u00f3n p\u00fablica, gesti\u00f3n, desarrollo y formaci\u00f3n del capital humano, as\u00ed como procesos vinculados al cambio cultural.","og_url":"https:\/\/servicios.cnss.gob.do\/mes_seguridad_social_new\/eduardo-roberto-mendez-marquici\/","og_site_name":"Mes de la Seguridad Social","article_modified_time":"2023-05-08T17:41:23+00:00","og_image":[{"width":2048,"height":2048,"url":"https:\/\/servicios.cnss.gob.do\/mes_seguridad_social_new\/wp-content\/uploads\/2023\/04\/EduardoMendezPanelista.png","type":"image\/png"}],"twitter_card":"summary_large_image","twitter_misc":{"Tiempo de lectura":"2 minutos"},"schema":{"@context":"https:\/\/schema.org","@graph":[{"@type":"WebPage","@id":"https:\/\/servicios.cnss.gob.do\/mes_seguridad_social_new\/eduardo-roberto-mendez-marquici\/","url":"https:\/\/servicios.cnss.gob.do\/mes_seguridad_social_new\/eduardo-roberto-mendez-marquici\/","name":"Eduardo Roberto M\u00e9ndez Marquici - Mes de la Seguridad Social","isPartOf":{"@id":"https:\/\/servicios.cnss.gob.do\/mes_seguridad_social_new\/#website"},"datePublished":"2023-05-02T22:22:53+00:00","dateModified":"2023-05-08T17:41:23+00:00","description":"Actualmente, se desempe\u00f1a como Director del Centro de Estudios en Seguridad Social, Salud y Administraci\u00f3n del BPS en Uruguay donde lidera diversos proyectos y actividades vinculadas a la seguridad social, administraci\u00f3n p\u00fablica, gesti\u00f3n, desarrollo y formaci\u00f3n del capital humano, as\u00ed como procesos vinculados al cambio cultural.","breadcrumb":{"@id":"https:\/\/servicios.cnss.gob.do\/mes_seguridad_social_new\/eduardo-roberto-mendez-marquici\/#breadcrumb"},"inLanguage":"es","potentialAction":[{"@type":"ReadAction","target":["https:\/\/servicios.cnss.gob.do\/mes_seguridad_social_new\/eduardo-roberto-mendez-marquici\/"]}]},{"@type":"BreadcrumbList","@id":"https:\/\/servicios.cnss.gob.do\/mes_seguridad_social_new\/eduardo-roberto-mendez-marquici\/#breadcrumb","itemListElement":[{"@type":"ListItem","position":1,"name":"Portada","item":"https:\/\/servicios.cnss.gob.do\/mes_seguridad_social_new\/"},{"@type":"ListItem","position":2,"name":"Eduardo Roberto M\u00e9ndez Marquici"}]},{"@type":"WebSite","@id":"https:\/\/servicios.cnss.gob.do\/mes_seguridad_social_new\/#website","url":"https:\/\/servicios.cnss.gob.do\/mes_seguridad_social_new\/","name":"Mes de la Seguridad Social","description":"","publisher":{"@id":"https:\/\/servicios.cnss.gob.do\/mes_seguridad_social_new\/#organization"},"potentialAction":[{"@type":"SearchAction","target":{"@type":"EntryPoint","urlTemplate":"https:\/\/servicios.cnss.gob.do\/mes_seguridad_social_new\/?s={search_term_string}"},"query-input":"required name=search_term_string"}],"inLanguage":"es"},{"@type":"Organization","@id":"https:\/\/servicios.cnss.gob.do\/mes_seguridad_social_new\/#organization","name":"Mes de la Seguridad Social","url":"https:\/\/servicios.cnss.gob.do\/mes_seguridad_social_new\/","logo":{"@type":"ImageObject","inLanguage":"es","@id":"https:\/\/servicios.cnss.gob.do\/mes_seguridad_social_new\/#\/schema\/logo\/image\/","url":"https:\/\/servicios.cnss.gob.do\/mes_seguridad_social_new\/wp-content\/uploads\/2023\/04\/cropped-Semana-de-la-SS-2023-logo-2-01-1.jpg","contentUrl":"https:\/\/servicios.cnss.gob.do\/mes_seguridad_social_new\/wp-content\/uploads\/2023\/04\/cropped-Semana-de-la-SS-2023-logo-2-01-1.jpg","width":1373,"height":1316,"caption":"Mes de la Seguridad Social"},"image":{"@id":"https:\/\/servicios.cnss.gob.do\/mes_seguridad_social_new\/#\/schema\/logo\/image\/"}}]}},"_links":{"self":[{"href":"https:\/\/servicios.cnss.gob.do\/mes_seguridad_social_new\/wp-json\/wp\/v2\/pages\/2277","targetHints":{"allow":["GET"]}}],"collection":[{"href":"https:\/\/servicios.cnss.gob.do\/mes_seguridad_social_new\/wp-json\/wp\/v2\/pages"}],"about":[{"href":"https:\/\/servicios.cnss.gob.do\/mes_seguridad_social_new\/wp-json\/wp\/v2\/types\/page"}],"author":[{"embeddable":true,"href":"https:\/\/servicios.cnss.gob.do\/mes_seguridad_social_new\/wp-json\/wp\/v2\/users\/1"}],"replies":[{"embeddable":true,"href":"https:\/\/servicios.cnss.gob.do\/mes_seguridad_social_new\/wp-json\/wp\/v2\/comments?post=2277"}],"version-history":[{"count":3,"href":"https:\/\/servicios.cnss.gob.do\/mes_seguridad_social_new\/wp-json\/wp\/v2\/pages\/2277\/revisions"}],"predecessor-version":[{"id":2492,"href":"https:\/\/servicios.cnss.gob.do\/mes_seguridad_social_new\/wp-json\/wp\/v2\/pages\/2277\/revisions\/2492"}],"wp:featuredmedia":[{"embeddable":true,"href":"https:\/\/servicios.cnss.gob.do\/mes_seguridad_social_new\/wp-json\/wp\/v2\/media\/607"}],"wp:attachment":[{"href":"https:\/\/servicios.cnss.gob.do\/mes_seguridad_social_new\/wp-json\/wp\/v2\/media?parent=2277"}],"curies":[{"name":"wp","href":"https:\/\/api.w.org\/{rel}","templated":true}]}}