{"id":2280,"date":"2023-05-02T22:25:25","date_gmt":"2023-05-02T22:25:25","guid":{"rendered":"https:\/\/servicios.cnss.gob.do\/mes_seguridad_social_new\/?page_id=2280"},"modified":"2023-05-02T22:25:27","modified_gmt":"2023-05-02T22:25:27","slug":"francis-zuniga-gonzalez","status":"publish","type":"page","link":"https:\/\/servicios.cnss.gob.do\/mes_seguridad_social_new\/francis-zuniga-gonzalez\/","title":{"rendered":"Francis Z\u00fa\u00f1iga Gonz\u00e1lez"},"content":{"rendered":"\n<p>Licenciado en derecho por la Facultad de Derecho Universidad de Costa Rica. Notario P\u00fablico. Master en Administraci\u00f3n y Diplomado en Seguridad Social, Madrid, Espa\u00f1a, 1994. Ocup\u00f3 el cargo de Director Nacional de Pensiones del Ministerio de Trabajo y Seguridad Social de Costa Rica, y presidente de la Junta Nacional de Pensiones. Ha fungido como miembro de la Junta Directiva de BN-Vital, Operadora de Pensiones complementarias del Banco Nacional de Costa Rica y es Juez de la C\u00e1mara de Disputas y del Tribunal de Apelaciones de la Federaci\u00f3n Costarricense de Futbol. Ha sido Profesor Universitario de grado y posgrado en derecho con \u00e9nfasis en Derecho Laboral, Seguridad Social y Salud Laboral de la Universidad Estatal a Distancia (UNED), Universidad Latina de Costa Rica y Universidad de Costa Rica (UCR), as\u00ed como expositor en Congresos y Seminarios Internacionales a nivel Iberoamericano, adem\u00e1s de profesor invitado del Centro Interamericano de Estudios en Seguridad Social (M\u00e9xico). Desde el a\u00f1o 2008 es Director del Centro Regional de Cooperaci\u00f3n para Centroam\u00e9rica y el Caribe de la Organizaci\u00f3n Iberoamericana de Seguridad Social (OISS), con sede en San Jos\u00e9 de Costa Rica.<\/p>\n","protected":false},"excerpt":{"rendered":"<p>Licenciado en derecho por la Facultad de Derecho Universidad de Costa Rica. Notario P\u00fablico. Master en Administraci\u00f3n y Diplomado en Seguridad Social, Madrid, Espa\u00f1a, 1994. Ocup\u00f3 el cargo de Director Nacional de Pensiones del Ministerio de Trabajo y Seguridad Social de Costa Rica, y presidente de la Junta Nacional de Pensiones. Ha fungido como miembro de la Junta Directiva de&#8230;<\/p>\n","protected":false},"author":1,"featured_media":2085,"parent":0,"menu_order":0,"comment_status":"closed","ping_status":"closed","template":"","meta":{"_monsterinsights_skip_tracking":false,"_monsterinsights_sitenote_active":false,"_monsterinsights_sitenote_note":"","_monsterinsights_sitenote_category":0,"footnotes":""},"class_list":["post-2280","page","type-page","status-publish","has-post-thumbnail","hentry"],"yoast_head":"<!-- This site is optimized with the Yoast SEO plugin v20.2.1 - https:\/\/yoast.com\/wordpress\/plugins\/seo\/ -->\r\n<title>Francis Z\u00fa\u00f1iga Gonz\u00e1lez - Mes de la Seguridad Social<\/title>\r\n<meta name=\"robots\" content=\"index, follow, max-snippet:-1, max-image-preview:large, max-video-preview:-1\" \/>\r\n<link rel=\"canonical\" href=\"https:\/\/servicios.cnss.gob.do\/mes_seguridad_social_new\/francis-zuniga-gonzalez\/\" \/>\r\n<meta property=\"og:locale\" content=\"es_ES\" \/>\r\n<meta property=\"og:type\" content=\"article\" \/>\r\n<meta property=\"og:title\" content=\"Francis Z\u00fa\u00f1iga Gonz\u00e1lez - Mes de la Seguridad Social\" \/>\r\n<meta property=\"og:description\" content=\"Licenciado en derecho por la Facultad de Derecho Universidad de Costa Rica. Notario P\u00fablico. Master en Administraci\u00f3n y Diplomado en Seguridad Social, Madrid, Espa\u00f1a, 1994. Ocup\u00f3 el cargo de Director Nacional de Pensiones del Ministerio de Trabajo y Seguridad Social de Costa Rica, y presidente de la Junta Nacional de Pensiones. Ha fungido como miembro de la Junta Directiva de...\" \/>\r\n<meta property=\"og:url\" content=\"https:\/\/servicios.cnss.gob.do\/mes_seguridad_social_new\/francis-zuniga-gonzalez\/\" \/>\r\n<meta property=\"og:site_name\" content=\"Mes de la Seguridad Social\" \/>\r\n<meta property=\"article:modified_time\" content=\"2023-05-02T22:25:27+00:00\" \/>\r\n<meta property=\"og:image\" content=\"https:\/\/servicios.cnss.gob.do\/mes_seguridad_social_new\/wp-content\/uploads\/2023\/05\/Francis-Zuniga-Gonzalez-foto1.png\" \/>\r\n\t<meta property=\"og:image:width\" content=\"1080\" \/>\r\n\t<meta property=\"og:image:height\" content=\"1080\" \/>\r\n\t<meta property=\"og:image:type\" content=\"image\/png\" \/>\r\n<meta name=\"twitter:card\" content=\"summary_large_image\" \/>\r\n<meta name=\"twitter:label1\" content=\"Tiempo de lectura\" \/>\n\t<meta name=\"twitter:data1\" content=\"1 minuto\" \/>\r\n<script type=\"application\/ld+json\" class=\"yoast-schema-graph\">{\"@context\":\"https:\/\/schema.org\",\"@graph\":[{\"@type\":\"WebPage\",\"@id\":\"https:\/\/servicios.cnss.gob.do\/mes_seguridad_social_new\/francis-zuniga-gonzalez\/\",\"url\":\"https:\/\/servicios.cnss.gob.do\/mes_seguridad_social_new\/francis-zuniga-gonzalez\/\",\"name\":\"Francis Z\u00fa\u00f1iga Gonz\u00e1lez - Mes de la Seguridad Social\",\"isPartOf\":{\"@id\":\"https:\/\/servicios.cnss.gob.do\/mes_seguridad_social_new\/#website\"},\"datePublished\":\"2023-05-02T22:25:25+00:00\",\"dateModified\":\"2023-05-02T22:25:27+00:00\",\"breadcrumb\":{\"@id\":\"https:\/\/servicios.cnss.gob.do\/mes_seguridad_social_new\/francis-zuniga-gonzalez\/#breadcrumb\"},\"inLanguage\":\"es\",\"potentialAction\":[{\"@type\":\"ReadAction\",\"target\":[\"https:\/\/servicios.cnss.gob.do\/mes_seguridad_social_new\/francis-zuniga-gonzalez\/\"]}]},{\"@type\":\"BreadcrumbList\",\"@id\":\"https:\/\/servicios.cnss.gob.do\/mes_seguridad_social_new\/francis-zuniga-gonzalez\/#breadcrumb\",\"itemListElement\":[{\"@type\":\"ListItem\",\"position\":1,\"name\":\"Portada\",\"item\":\"https:\/\/servicios.cnss.gob.do\/mes_seguridad_social_new\/\"},{\"@type\":\"ListItem\",\"position\":2,\"name\":\"Francis Z\u00fa\u00f1iga Gonz\u00e1lez\"}]},{\"@type\":\"WebSite\",\"@id\":\"https:\/\/servicios.cnss.gob.do\/mes_seguridad_social_new\/#website\",\"url\":\"https:\/\/servicios.cnss.gob.do\/mes_seguridad_social_new\/\",\"name\":\"Mes de la Seguridad Social\",\"description\":\"\",\"publisher\":{\"@id\":\"https:\/\/servicios.cnss.gob.do\/mes_seguridad_social_new\/#organization\"},\"potentialAction\":[{\"@type\":\"SearchAction\",\"target\":{\"@type\":\"EntryPoint\",\"urlTemplate\":\"https:\/\/servicios.cnss.gob.do\/mes_seguridad_social_new\/?s={search_term_string}\"},\"query-input\":\"required name=search_term_string\"}],\"inLanguage\":\"es\"},{\"@type\":\"Organization\",\"@id\":\"https:\/\/servicios.cnss.gob.do\/mes_seguridad_social_new\/#organization\",\"name\":\"Mes de la Seguridad Social\",\"url\":\"https:\/\/servicios.cnss.gob.do\/mes_seguridad_social_new\/\",\"logo\":{\"@type\":\"ImageObject\",\"inLanguage\":\"es\",\"@id\":\"https:\/\/servicios.cnss.gob.do\/mes_seguridad_social_new\/#\/schema\/logo\/image\/\",\"url\":\"https:\/\/servicios.cnss.gob.do\/mes_seguridad_social_new\/wp-content\/uploads\/2023\/04\/cropped-Semana-de-la-SS-2023-logo-2-01-1.jpg\",\"contentUrl\":\"https:\/\/servicios.cnss.gob.do\/mes_seguridad_social_new\/wp-content\/uploads\/2023\/04\/cropped-Semana-de-la-SS-2023-logo-2-01-1.jpg\",\"width\":1373,\"height\":1316,\"caption\":\"Mes de la Seguridad Social\"},\"image\":{\"@id\":\"https:\/\/servicios.cnss.gob.do\/mes_seguridad_social_new\/#\/schema\/logo\/image\/\"}}]}<\/script>\r\n<!-- \/ Yoast SEO plugin. -->","yoast_head_json":{"title":"Francis Z\u00fa\u00f1iga Gonz\u00e1lez - Mes de la Seguridad Social","robots":{"index":"index","follow":"follow","max-snippet":"max-snippet:-1","max-image-preview":"max-image-preview:large","max-video-preview":"max-video-preview:-1"},"canonical":"https:\/\/servicios.cnss.gob.do\/mes_seguridad_social_new\/francis-zuniga-gonzalez\/","og_locale":"es_ES","og_type":"article","og_title":"Francis Z\u00fa\u00f1iga Gonz\u00e1lez - Mes de la Seguridad Social","og_description":"Licenciado en derecho por la Facultad de Derecho Universidad de Costa Rica. Notario P\u00fablico. Master en Administraci\u00f3n y Diplomado en Seguridad Social, Madrid, Espa\u00f1a, 1994. Ocup\u00f3 el cargo de Director Nacional de Pensiones del Ministerio de Trabajo y Seguridad Social de Costa Rica, y presidente de la Junta Nacional de Pensiones. Ha fungido como miembro de la Junta Directiva de...","og_url":"https:\/\/servicios.cnss.gob.do\/mes_seguridad_social_new\/francis-zuniga-gonzalez\/","og_site_name":"Mes de la Seguridad Social","article_modified_time":"2023-05-02T22:25:27+00:00","og_image":[{"width":1080,"height":1080,"url":"https:\/\/servicios.cnss.gob.do\/mes_seguridad_social_new\/wp-content\/uploads\/2023\/05\/Francis-Zuniga-Gonzalez-foto1.png","type":"image\/png"}],"twitter_card":"summary_large_image","twitter_misc":{"Tiempo de lectura":"1 minuto"},"schema":{"@context":"https:\/\/schema.org","@graph":[{"@type":"WebPage","@id":"https:\/\/servicios.cnss.gob.do\/mes_seguridad_social_new\/francis-zuniga-gonzalez\/","url":"https:\/\/servicios.cnss.gob.do\/mes_seguridad_social_new\/francis-zuniga-gonzalez\/","name":"Francis Z\u00fa\u00f1iga Gonz\u00e1lez - Mes de la Seguridad Social","isPartOf":{"@id":"https:\/\/servicios.cnss.gob.do\/mes_seguridad_social_new\/#website"},"datePublished":"2023-05-02T22:25:25+00:00","dateModified":"2023-05-02T22:25:27+00:00","breadcrumb":{"@id":"https:\/\/servicios.cnss.gob.do\/mes_seguridad_social_new\/francis-zuniga-gonzalez\/#breadcrumb"},"inLanguage":"es","potentialAction":[{"@type":"ReadAction","target":["https:\/\/servicios.cnss.gob.do\/mes_seguridad_social_new\/francis-zuniga-gonzalez\/"]}]},{"@type":"BreadcrumbList","@id":"https:\/\/servicios.cnss.gob.do\/mes_seguridad_social_new\/francis-zuniga-gonzalez\/#breadcrumb","itemListElement":[{"@type":"ListItem","position":1,"name":"Portada","item":"https:\/\/servicios.cnss.gob.do\/mes_seguridad_social_new\/"},{"@type":"ListItem","position":2,"name":"Francis Z\u00fa\u00f1iga Gonz\u00e1lez"}]},{"@type":"WebSite","@id":"https:\/\/servicios.cnss.gob.do\/mes_seguridad_social_new\/#website","url":"https:\/\/servicios.cnss.gob.do\/mes_seguridad_social_new\/","name":"Mes de la Seguridad Social","description":"","publisher":{"@id":"https:\/\/servicios.cnss.gob.do\/mes_seguridad_social_new\/#organization"},"potentialAction":[{"@type":"SearchAction","target":{"@type":"EntryPoint","urlTemplate":"https:\/\/servicios.cnss.gob.do\/mes_seguridad_social_new\/?s={search_term_string}"},"query-input":"required name=search_term_string"}],"inLanguage":"es"},{"@type":"Organization","@id":"https:\/\/servicios.cnss.gob.do\/mes_seguridad_social_new\/#organization","name":"Mes de la Seguridad Social","url":"https:\/\/servicios.cnss.gob.do\/mes_seguridad_social_new\/","logo":{"@type":"ImageObject","inLanguage":"es","@id":"https:\/\/servicios.cnss.gob.do\/mes_seguridad_social_new\/#\/schema\/logo\/image\/","url":"https:\/\/servicios.cnss.gob.do\/mes_seguridad_social_new\/wp-content\/uploads\/2023\/04\/cropped-Semana-de-la-SS-2023-logo-2-01-1.jpg","contentUrl":"https:\/\/servicios.cnss.gob.do\/mes_seguridad_social_new\/wp-content\/uploads\/2023\/04\/cropped-Semana-de-la-SS-2023-logo-2-01-1.jpg","width":1373,"height":1316,"caption":"Mes de la Seguridad Social"},"image":{"@id":"https:\/\/servicios.cnss.gob.do\/mes_seguridad_social_new\/#\/schema\/logo\/image\/"}}]}},"_links":{"self":[{"href":"https:\/\/servicios.cnss.gob.do\/mes_seguridad_social_new\/wp-json\/wp\/v2\/pages\/2280","targetHints":{"allow":["GET"]}}],"collection":[{"href":"https:\/\/servicios.cnss.gob.do\/mes_seguridad_social_new\/wp-json\/wp\/v2\/pages"}],"about":[{"href":"https:\/\/servicios.cnss.gob.do\/mes_seguridad_social_new\/wp-json\/wp\/v2\/types\/page"}],"author":[{"embeddable":true,"href":"https:\/\/servicios.cnss.gob.do\/mes_seguridad_social_new\/wp-json\/wp\/v2\/users\/1"}],"replies":[{"embeddable":true,"href":"https:\/\/servicios.cnss.gob.do\/mes_seguridad_social_new\/wp-json\/wp\/v2\/comments?post=2280"}],"version-history":[{"count":1,"href":"https:\/\/servicios.cnss.gob.do\/mes_seguridad_social_new\/wp-json\/wp\/v2\/pages\/2280\/revisions"}],"predecessor-version":[{"id":2281,"href":"https:\/\/servicios.cnss.gob.do\/mes_seguridad_social_new\/wp-json\/wp\/v2\/pages\/2280\/revisions\/2281"}],"wp:featuredmedia":[{"embeddable":true,"href":"https:\/\/servicios.cnss.gob.do\/mes_seguridad_social_new\/wp-json\/wp\/v2\/media\/2085"}],"wp:attachment":[{"href":"https:\/\/servicios.cnss.gob.do\/mes_seguridad_social_new\/wp-json\/wp\/v2\/media?parent=2280"}],"curies":[{"name":"wp","href":"https:\/\/api.w.org\/{rel}","templated":true}]}}