{"id":2483,"date":"2023-05-08T17:22:56","date_gmt":"2023-05-08T17:22:56","guid":{"rendered":"https:\/\/servicios.cnss.gob.do\/mes_seguridad_social_new\/?page_id=2483"},"modified":"2023-05-08T17:22:58","modified_gmt":"2023-05-08T17:22:58","slug":"odalis-antonio-fernandez-jorge","status":"publish","type":"page","link":"https:\/\/servicios.cnss.gob.do\/mes_seguridad_social_new\/odalis-antonio-fernandez-jorge\/","title":{"rendered":"Odalis Antonio Fern\u00e1ndez Jorge"},"content":{"rendered":"\n<p>ODALIS ANTONIO FERN\u00c1NDEZ JORGE, director nacional de servicios al usuario del IDOPPRIL, estudio leyes en la Universidad Nacional Pedro Henr\u00edquez Ure\u00f1a (UNPHU) y T\u00e9cnico en Comunicaci\u00f3n Social en el c\u00edrculo de locutores de la Rep\u00fablica Dominicana, Diplomado En Marketing Pol\u00edtico en la escuela de educaci\u00f3n continua en la UNPHU, Diplomado En Alta Direcci\u00f3n De Instituciones De Seguridad Social, (CIESS,) diplomado \u00abIntroducci\u00f3n al estudio de Fondos de Pensiones\u00bb (SIPEN). M\u00c1STER DE FORMACI\u00d3N PERMANENTE EN DIRECCI\u00d3N Y GESTION DE LOS SISTEMAS DE SEGURIDAD SOCIAL EN LA UNIVERSIDAD DE ALCAL\u00c1 ESPA\u00d1A (OISS) \u00abREGIDOR EN EL MUNICIPIO DE LA VEGA, periodo 2010-2016\u201d.<\/p>\n","protected":false},"excerpt":{"rendered":"<p>ODALIS ANTONIO FERN\u00c1NDEZ JORGE, director nacional de servicios al usuario del IDOPPRIL, estudio leyes en la Universidad Nacional Pedro Henr\u00edquez Ure\u00f1a (UNPHU) y T\u00e9cnico en Comunicaci\u00f3n Social en el c\u00edrculo de locutores de la Rep\u00fablica Dominicana, Diplomado En Marketing Pol\u00edtico en la escuela de educaci\u00f3n continua en la UNPHU, Diplomado En Alta Direcci\u00f3n De Instituciones De Seguridad Social, (CIESS,) diplomado&#8230;<\/p>\n","protected":false},"author":1,"featured_media":2478,"parent":0,"menu_order":0,"comment_status":"closed","ping_status":"closed","template":"","meta":{"_monsterinsights_skip_tracking":false,"_monsterinsights_sitenote_active":false,"_monsterinsights_sitenote_note":"","_monsterinsights_sitenote_category":0,"footnotes":""},"class_list":["post-2483","page","type-page","status-publish","has-post-thumbnail","hentry"],"yoast_head":"<!-- This site is optimized with the Yoast SEO plugin v20.2.1 - https:\/\/yoast.com\/wordpress\/plugins\/seo\/ -->\r\n<title>Odalis Antonio Fern\u00e1ndez Jorge - Mes de la Seguridad Social<\/title>\r\n<meta name=\"description\" content=\"ODALIS ANTONIO FERN\u00c1NDEZ JORGE, director nacional de servicios al usuario del IDOPPRIL, estudio leyes en la Universidad Nacional Pedro Henr\u00edquez Ure\u00f1a (UNPHU) y T\u00e9cnico en Comunicaci\u00f3n Social en el c\u00edrculo de locutores de la Rep\u00fablica Dominicana\" \/>\r\n<meta name=\"robots\" content=\"index, follow, max-snippet:-1, max-image-preview:large, max-video-preview:-1\" \/>\r\n<link rel=\"canonical\" href=\"https:\/\/servicios.cnss.gob.do\/mes_seguridad_social_new\/odalis-antonio-fernandez-jorge\/\" \/>\r\n<meta property=\"og:locale\" content=\"es_ES\" \/>\r\n<meta property=\"og:type\" content=\"article\" \/>\r\n<meta property=\"og:title\" content=\"Odalis Antonio Fern\u00e1ndez Jorge - Mes de la Seguridad Social\" \/>\r\n<meta property=\"og:description\" content=\"ODALIS ANTONIO FERN\u00c1NDEZ JORGE, director nacional de servicios al usuario del IDOPPRIL, estudio leyes en la Universidad Nacional Pedro Henr\u00edquez Ure\u00f1a (UNPHU) y T\u00e9cnico en Comunicaci\u00f3n Social en el c\u00edrculo de locutores de la Rep\u00fablica Dominicana\" \/>\r\n<meta property=\"og:url\" content=\"https:\/\/servicios.cnss.gob.do\/mes_seguridad_social_new\/odalis-antonio-fernandez-jorge\/\" \/>\r\n<meta property=\"og:site_name\" content=\"Mes de la Seguridad Social\" \/>\r\n<meta property=\"article:modified_time\" content=\"2023-05-08T17:22:58+00:00\" \/>\r\n<meta property=\"og:image\" content=\"https:\/\/servicios.cnss.gob.do\/mes_seguridad_social_new\/wp-content\/uploads\/2023\/05\/ODALIS-ANTONIO-FERNANDEZ-JORGE-1.png\" \/>\r\n\t<meta property=\"og:image:width\" content=\"1080\" \/>\r\n\t<meta property=\"og:image:height\" content=\"1080\" \/>\r\n\t<meta property=\"og:image:type\" content=\"image\/png\" \/>\r\n<meta name=\"twitter:card\" content=\"summary_large_image\" \/>\r\n<meta name=\"twitter:label1\" content=\"Tiempo de lectura\" \/>\n\t<meta name=\"twitter:data1\" content=\"1 minuto\" \/>\r\n<script type=\"application\/ld+json\" class=\"yoast-schema-graph\">{\"@context\":\"https:\/\/schema.org\",\"@graph\":[{\"@type\":\"WebPage\",\"@id\":\"https:\/\/servicios.cnss.gob.do\/mes_seguridad_social_new\/odalis-antonio-fernandez-jorge\/\",\"url\":\"https:\/\/servicios.cnss.gob.do\/mes_seguridad_social_new\/odalis-antonio-fernandez-jorge\/\",\"name\":\"Odalis Antonio Fern\u00e1ndez Jorge - Mes de la Seguridad Social\",\"isPartOf\":{\"@id\":\"https:\/\/servicios.cnss.gob.do\/mes_seguridad_social_new\/#website\"},\"datePublished\":\"2023-05-08T17:22:56+00:00\",\"dateModified\":\"2023-05-08T17:22:58+00:00\",\"description\":\"ODALIS ANTONIO FERN\u00c1NDEZ JORGE, director nacional de servicios al usuario del IDOPPRIL, estudio leyes en la Universidad Nacional Pedro Henr\u00edquez Ure\u00f1a (UNPHU) y T\u00e9cnico en Comunicaci\u00f3n Social en el c\u00edrculo de locutores de la Rep\u00fablica Dominicana\",\"breadcrumb\":{\"@id\":\"https:\/\/servicios.cnss.gob.do\/mes_seguridad_social_new\/odalis-antonio-fernandez-jorge\/#breadcrumb\"},\"inLanguage\":\"es\",\"potentialAction\":[{\"@type\":\"ReadAction\",\"target\":[\"https:\/\/servicios.cnss.gob.do\/mes_seguridad_social_new\/odalis-antonio-fernandez-jorge\/\"]}]},{\"@type\":\"BreadcrumbList\",\"@id\":\"https:\/\/servicios.cnss.gob.do\/mes_seguridad_social_new\/odalis-antonio-fernandez-jorge\/#breadcrumb\",\"itemListElement\":[{\"@type\":\"ListItem\",\"position\":1,\"name\":\"Portada\",\"item\":\"https:\/\/servicios.cnss.gob.do\/mes_seguridad_social_new\/\"},{\"@type\":\"ListItem\",\"position\":2,\"name\":\"Odalis Antonio Fern\u00e1ndez Jorge\"}]},{\"@type\":\"WebSite\",\"@id\":\"https:\/\/servicios.cnss.gob.do\/mes_seguridad_social_new\/#website\",\"url\":\"https:\/\/servicios.cnss.gob.do\/mes_seguridad_social_new\/\",\"name\":\"Mes de la Seguridad Social\",\"description\":\"\",\"publisher\":{\"@id\":\"https:\/\/servicios.cnss.gob.do\/mes_seguridad_social_new\/#organization\"},\"potentialAction\":[{\"@type\":\"SearchAction\",\"target\":{\"@type\":\"EntryPoint\",\"urlTemplate\":\"https:\/\/servicios.cnss.gob.do\/mes_seguridad_social_new\/?s={search_term_string}\"},\"query-input\":\"required name=search_term_string\"}],\"inLanguage\":\"es\"},{\"@type\":\"Organization\",\"@id\":\"https:\/\/servicios.cnss.gob.do\/mes_seguridad_social_new\/#organization\",\"name\":\"Mes de la Seguridad Social\",\"url\":\"https:\/\/servicios.cnss.gob.do\/mes_seguridad_social_new\/\",\"logo\":{\"@type\":\"ImageObject\",\"inLanguage\":\"es\",\"@id\":\"https:\/\/servicios.cnss.gob.do\/mes_seguridad_social_new\/#\/schema\/logo\/image\/\",\"url\":\"https:\/\/servicios.cnss.gob.do\/mes_seguridad_social_new\/wp-content\/uploads\/2023\/04\/cropped-Semana-de-la-SS-2023-logo-2-01-1.jpg\",\"contentUrl\":\"https:\/\/servicios.cnss.gob.do\/mes_seguridad_social_new\/wp-content\/uploads\/2023\/04\/cropped-Semana-de-la-SS-2023-logo-2-01-1.jpg\",\"width\":1373,\"height\":1316,\"caption\":\"Mes de la Seguridad Social\"},\"image\":{\"@id\":\"https:\/\/servicios.cnss.gob.do\/mes_seguridad_social_new\/#\/schema\/logo\/image\/\"}}]}<\/script>\r\n<!-- \/ Yoast SEO plugin. -->","yoast_head_json":{"title":"Odalis Antonio Fern\u00e1ndez Jorge - Mes de la Seguridad Social","description":"ODALIS ANTONIO FERN\u00c1NDEZ JORGE, director nacional de servicios al usuario del IDOPPRIL, estudio leyes en la Universidad Nacional Pedro Henr\u00edquez Ure\u00f1a (UNPHU) y T\u00e9cnico en Comunicaci\u00f3n Social en el c\u00edrculo de locutores de la Rep\u00fablica Dominicana","robots":{"index":"index","follow":"follow","max-snippet":"max-snippet:-1","max-image-preview":"max-image-preview:large","max-video-preview":"max-video-preview:-1"},"canonical":"https:\/\/servicios.cnss.gob.do\/mes_seguridad_social_new\/odalis-antonio-fernandez-jorge\/","og_locale":"es_ES","og_type":"article","og_title":"Odalis Antonio Fern\u00e1ndez Jorge - Mes de la Seguridad Social","og_description":"ODALIS ANTONIO FERN\u00c1NDEZ JORGE, director nacional de servicios al usuario del IDOPPRIL, estudio leyes en la Universidad Nacional Pedro Henr\u00edquez Ure\u00f1a (UNPHU) y T\u00e9cnico en Comunicaci\u00f3n Social en el c\u00edrculo de locutores de la Rep\u00fablica Dominicana","og_url":"https:\/\/servicios.cnss.gob.do\/mes_seguridad_social_new\/odalis-antonio-fernandez-jorge\/","og_site_name":"Mes de la Seguridad Social","article_modified_time":"2023-05-08T17:22:58+00:00","og_image":[{"width":1080,"height":1080,"url":"https:\/\/servicios.cnss.gob.do\/mes_seguridad_social_new\/wp-content\/uploads\/2023\/05\/ODALIS-ANTONIO-FERNANDEZ-JORGE-1.png","type":"image\/png"}],"twitter_card":"summary_large_image","twitter_misc":{"Tiempo de lectura":"1 minuto"},"schema":{"@context":"https:\/\/schema.org","@graph":[{"@type":"WebPage","@id":"https:\/\/servicios.cnss.gob.do\/mes_seguridad_social_new\/odalis-antonio-fernandez-jorge\/","url":"https:\/\/servicios.cnss.gob.do\/mes_seguridad_social_new\/odalis-antonio-fernandez-jorge\/","name":"Odalis Antonio Fern\u00e1ndez Jorge - Mes de la Seguridad Social","isPartOf":{"@id":"https:\/\/servicios.cnss.gob.do\/mes_seguridad_social_new\/#website"},"datePublished":"2023-05-08T17:22:56+00:00","dateModified":"2023-05-08T17:22:58+00:00","description":"ODALIS ANTONIO FERN\u00c1NDEZ JORGE, director nacional de servicios al usuario del IDOPPRIL, estudio leyes en la Universidad Nacional Pedro Henr\u00edquez Ure\u00f1a (UNPHU) y T\u00e9cnico en Comunicaci\u00f3n Social en el c\u00edrculo de locutores de la Rep\u00fablica Dominicana","breadcrumb":{"@id":"https:\/\/servicios.cnss.gob.do\/mes_seguridad_social_new\/odalis-antonio-fernandez-jorge\/#breadcrumb"},"inLanguage":"es","potentialAction":[{"@type":"ReadAction","target":["https:\/\/servicios.cnss.gob.do\/mes_seguridad_social_new\/odalis-antonio-fernandez-jorge\/"]}]},{"@type":"BreadcrumbList","@id":"https:\/\/servicios.cnss.gob.do\/mes_seguridad_social_new\/odalis-antonio-fernandez-jorge\/#breadcrumb","itemListElement":[{"@type":"ListItem","position":1,"name":"Portada","item":"https:\/\/servicios.cnss.gob.do\/mes_seguridad_social_new\/"},{"@type":"ListItem","position":2,"name":"Odalis Antonio Fern\u00e1ndez Jorge"}]},{"@type":"WebSite","@id":"https:\/\/servicios.cnss.gob.do\/mes_seguridad_social_new\/#website","url":"https:\/\/servicios.cnss.gob.do\/mes_seguridad_social_new\/","name":"Mes de la Seguridad Social","description":"","publisher":{"@id":"https:\/\/servicios.cnss.gob.do\/mes_seguridad_social_new\/#organization"},"potentialAction":[{"@type":"SearchAction","target":{"@type":"EntryPoint","urlTemplate":"https:\/\/servicios.cnss.gob.do\/mes_seguridad_social_new\/?s={search_term_string}"},"query-input":"required name=search_term_string"}],"inLanguage":"es"},{"@type":"Organization","@id":"https:\/\/servicios.cnss.gob.do\/mes_seguridad_social_new\/#organization","name":"Mes de la Seguridad Social","url":"https:\/\/servicios.cnss.gob.do\/mes_seguridad_social_new\/","logo":{"@type":"ImageObject","inLanguage":"es","@id":"https:\/\/servicios.cnss.gob.do\/mes_seguridad_social_new\/#\/schema\/logo\/image\/","url":"https:\/\/servicios.cnss.gob.do\/mes_seguridad_social_new\/wp-content\/uploads\/2023\/04\/cropped-Semana-de-la-SS-2023-logo-2-01-1.jpg","contentUrl":"https:\/\/servicios.cnss.gob.do\/mes_seguridad_social_new\/wp-content\/uploads\/2023\/04\/cropped-Semana-de-la-SS-2023-logo-2-01-1.jpg","width":1373,"height":1316,"caption":"Mes de la Seguridad Social"},"image":{"@id":"https:\/\/servicios.cnss.gob.do\/mes_seguridad_social_new\/#\/schema\/logo\/image\/"}}]}},"_links":{"self":[{"href":"https:\/\/servicios.cnss.gob.do\/mes_seguridad_social_new\/wp-json\/wp\/v2\/pages\/2483","targetHints":{"allow":["GET"]}}],"collection":[{"href":"https:\/\/servicios.cnss.gob.do\/mes_seguridad_social_new\/wp-json\/wp\/v2\/pages"}],"about":[{"href":"https:\/\/servicios.cnss.gob.do\/mes_seguridad_social_new\/wp-json\/wp\/v2\/types\/page"}],"author":[{"embeddable":true,"href":"https:\/\/servicios.cnss.gob.do\/mes_seguridad_social_new\/wp-json\/wp\/v2\/users\/1"}],"replies":[{"embeddable":true,"href":"https:\/\/servicios.cnss.gob.do\/mes_seguridad_social_new\/wp-json\/wp\/v2\/comments?post=2483"}],"version-history":[{"count":1,"href":"https:\/\/servicios.cnss.gob.do\/mes_seguridad_social_new\/wp-json\/wp\/v2\/pages\/2483\/revisions"}],"predecessor-version":[{"id":2484,"href":"https:\/\/servicios.cnss.gob.do\/mes_seguridad_social_new\/wp-json\/wp\/v2\/pages\/2483\/revisions\/2484"}],"wp:featuredmedia":[{"embeddable":true,"href":"https:\/\/servicios.cnss.gob.do\/mes_seguridad_social_new\/wp-json\/wp\/v2\/media\/2478"}],"wp:attachment":[{"href":"https:\/\/servicios.cnss.gob.do\/mes_seguridad_social_new\/wp-json\/wp\/v2\/media?parent=2483"}],"curies":[{"name":"wp","href":"https:\/\/api.w.org\/{rel}","templated":true}]}}