{"id":2066,"date":"2023-11-17T02:58:07","date_gmt":"2023-11-17T01:58:07","guid":{"rendered":"https:\/\/servicios.cnss.gob.do\/repositorio\/?page_id=2066"},"modified":"2023-12-11T22:38:20","modified_gmt":"2023-12-11T21:38:20","slug":"tablero-interactivo-internacional","status":"publish","type":"page","link":"https:\/\/servicios.cnss.gob.do\/repositorio\/tablero-interactivo-internacional\/","title":{"rendered":"Tablero Interactivo Internacional"},"content":{"rendered":"\t\t<div data-elementor-type=\"wp-page\" data-elementor-id=\"2066\" class=\"elementor elementor-2066\">\n\t\t\t\t\t\t<section class=\"elementor-section elementor-top-section elementor-element elementor-element-cca4d65 elementor-section-full_width elementor-section-height-min-height elementor-section-items-bottom ct-section-stretched elementor-section-height-default wpr-particle-no wpr-jarallax-no wpr-parallax-no wpr-sticky-section-no\" data-id=\"cca4d65\" data-element_type=\"section\">\n\t\t\t\t\t\t\t<div class=\"elementor-background-overlay\"><\/div>\n\t\t\t\t\t\t\t<div class=\"elementor-container elementor-column-gap-narrow\">\n\t\t\t\t\t<div class=\"elementor-column elementor-col-100 elementor-top-column elementor-element elementor-element-44c2ec1\" data-id=\"44c2ec1\" data-element_type=\"column\">\n\t\t\t<div class=\"elementor-widget-wrap elementor-element-populated\">\n\t\t\t\t\t\t<div class=\"elementor-element elementor-element-a2a4eb6 elementor-widget elementor-widget-heading\" data-id=\"a2a4eb6\" data-element_type=\"widget\" data-widget_type=\"heading.default\">\n\t\t\t\t<div class=\"elementor-widget-container\">\n\t\t\t\t\t<h2 class=\"elementor-heading-title elementor-size-default\">Monitor de Seguridad Social para Am\u00e9rica (MoSSA)\n<\/h2>\t\t\t\t<\/div>\n\t\t\t\t<\/div>\n\t\t\t\t<div class=\"elementor-element elementor-element-dfe1a60 elementor-widget elementor-widget-image\" data-id=\"dfe1a60\" data-element_type=\"widget\" data-widget_type=\"image.default\">\n\t\t\t\t<div class=\"elementor-widget-container\">\n\t\t\t\t\t\t\t\t\t\t\t\t\t\t\t<img fetchpriority=\"high\" decoding=\"async\" width=\"779\" height=\"128\" src=\"https:\/\/servicios.cnss.gob.do\/repositorio\/wp-content\/uploads\/2023\/11\/imagen-ciss.png\" class=\"attachment-large size-large wp-image-2093\" alt=\"\" \/>\t\t\t\t\t\t\t\t\t\t\t\t\t\t\t<\/div>\n\t\t\t\t<\/div>\n\t\t\t\t\t<\/div>\n\t\t<\/div>\n\t\t\t\t\t<\/div>\n\t\t<\/section>\n\t\t\t\t<section class=\"elementor-section elementor-top-section elementor-element elementor-element-5d69047 ct-section-stretched elementor-section-boxed elementor-section-height-default elementor-section-height-default wpr-particle-no wpr-jarallax-no wpr-parallax-no wpr-sticky-section-no\" data-id=\"5d69047\" data-element_type=\"section\">\n\t\t\t\t\t\t<div class=\"elementor-container elementor-column-gap-default\">\n\t\t\t\t\t<div class=\"elementor-column elementor-col-100 elementor-top-column elementor-element elementor-element-68e4d5c\" data-id=\"68e4d5c\" data-element_type=\"column\">\n\t\t\t<div class=\"elementor-widget-wrap elementor-element-populated\">\n\t\t\t\t\t\t<div class=\"elementor-element elementor-element-7fff63a elementor-widget elementor-widget-spacer\" data-id=\"7fff63a\" data-element_type=\"widget\" data-widget_type=\"spacer.default\">\n\t\t\t\t<div class=\"elementor-widget-container\">\n\t\t\t\t\t\t\t<div class=\"elementor-spacer\">\n\t\t\t<div class=\"elementor-spacer-inner\"><\/div>\n\t\t<\/div>\n\t\t\t\t\t\t<\/div>\n\t\t\t\t<\/div>\n\t\t\t\t<div class=\"elementor-element elementor-element-ee197ab elementor-widget elementor-widget-heading\" data-id=\"ee197ab\" data-element_type=\"widget\" data-widget_type=\"heading.default\">\n\t\t\t\t<div class=\"elementor-widget-container\">\n\t\t\t\t\t<h2 class=\"elementor-heading-title elementor-size-default\">Presentaci\u00f3n<\/h2>\t\t\t\t<\/div>\n\t\t\t\t<\/div>\n\t\t\t\t<div class=\"elementor-element elementor-element-bed3a81 elementor-widget elementor-widget-text-editor\" data-id=\"bed3a81\" data-element_type=\"widget\" data-widget_type=\"text-editor.default\">\n\t\t\t\t<div class=\"elementor-widget-container\">\n\t\t\t\t\t\t\t\t\t<p style=\"text-align: justify;\">Desde la Conferencia Interamericana de Seguridad Social (CISS), reconocemos la importancia de contar con sistemas de informaci\u00f3n que gu\u00eden el dise\u00f1o, implementaci\u00f3n y evaluaci\u00f3n de pol\u00edticas p\u00fablicas en materia de seguridad social en Am\u00e9rica. En este sentido, la CISS ha desarrollado el Monitor de Seguridad Social para Am\u00e9rica (MoSSA), con el objetivo de contribuir al seguimiento y documentaci\u00f3n de los sistemas de seguridad social a trav\u00e9s de una plataforma que recopila, integra y disemina indicadores estrat\u00e9gicos en la materia.<\/p>\n<p style=\"text-align: justify;\">El MoSSA es una plataforma que concentra un conjunto de indicadores estrat\u00e9gicos, de f\u00e1cil acceso y manejo, que a su vez permite la interacci\u00f3n a trav\u00e9s de gr\u00e1ficas, tablas de datos y mapas. Est\u00e1 compuesta por dos secciones: la primera permite al usuario contar con un an\u00e1lisis comparativo por pa\u00edses, por a\u00f1o y subregi\u00f3n seg\u00fan el indicador seleccionado. La segunda secci\u00f3n permite analizar los indicadores seg\u00fan la subregi\u00f3n CISS, a trav\u00e9s de medias ponderadas calculadas con base en la poblaci\u00f3n de cada pa\u00eds.<\/p>\n<p style=\"text-align: justify;\">En esta versi\u00f3n se han incluido indicadores demogr\u00e1ficos, de salud, de mercado laboral y de seguridad social, con informaci\u00f3n proveniente de los repositorios de informaci\u00f3n del Banco Interamericano de Desarrollo (BID), la Organizaci\u00f3n Panamericana de la Salud (OPS), la Organizaci\u00f3n para la Cooperaci\u00f3n y el Desarrollo Econ\u00f3micos (OCDE), la Organizaci\u00f3n Internacional del Trabajo (OIT) y, de la Organizaci\u00f3n de las Naciones Unidas (ONU).<\/p>\t\t\t\t\t\t\t\t<\/div>\n\t\t\t\t<\/div>\n\t\t\t\t\t<\/div>\n\t\t<\/div>\n\t\t\t\t\t<\/div>\n\t\t<\/section>\n\t\t\t\t<section class=\"elementor-section elementor-top-section elementor-element elementor-element-547eacc elementor-section-boxed elementor-section-height-default elementor-section-height-default wpr-particle-no wpr-jarallax-no wpr-parallax-no wpr-sticky-section-no\" data-id=\"547eacc\" data-element_type=\"section\">\n\t\t\t\t\t\t<div class=\"elementor-container elementor-column-gap-default\">\n\t\t\t\t\t<div class=\"elementor-column elementor-col-100 elementor-top-column elementor-element elementor-element-ea88d08\" data-id=\"ea88d08\" data-element_type=\"column\">\n\t\t\t<div class=\"elementor-widget-wrap elementor-element-populated\">\n\t\t\t\t\t\t<div class=\"elementor-element elementor-element-0f735d7 elementor-widget elementor-widget-text-editor\" data-id=\"0f735d7\" data-element_type=\"widget\" data-widget_type=\"text-editor.default\">\n\t\t\t\t<div class=\"elementor-widget-container\">\n\t\t\t\t\t\t\t\t\t<p style=\"text-align: center;\">En caso de tener alg\u00fan problema o duda no dudes en contactar a tu administrador a trav\u00e9s del correo:<\/p><p style=\"text-align: center;\"><a title=\"mailto:depi@ciss-bienestar.org\" role=\"link\" contenteditable=\"false\" href=\"mailto:depi@ciss-bienestar.org\">depi@ciss-bienestar.org<\/a><\/p>\t\t\t\t\t\t\t\t<\/div>\n\t\t\t\t<\/div>\n\t\t\t\t\t<\/div>\n\t\t<\/div>\n\t\t\t\t\t<\/div>\n\t\t<\/section>\n\t\t\t\t<section class=\"elementor-section elementor-top-section elementor-element elementor-element-3c8a63f ct-section-stretched elementor-section-boxed elementor-section-height-default elementor-section-height-default wpr-particle-no wpr-jarallax-no wpr-parallax-no wpr-sticky-section-no\" data-id=\"3c8a63f\" data-element_type=\"section\">\n\t\t\t\t\t\t<div class=\"elementor-container elementor-column-gap-default\">\n\t\t\t\t\t<div class=\"elementor-column elementor-col-100 elementor-top-column elementor-element elementor-element-5f81428\" data-id=\"5f81428\" data-element_type=\"column\">\n\t\t\t<div class=\"elementor-widget-wrap elementor-element-populated\">\n\t\t\t\t\t\t<div class=\"elementor-element elementor-element-b766f39 elementor-widget elementor-widget-html\" data-id=\"b766f39\" data-element_type=\"widget\" data-widget_type=\"html.default\">\n\t\t\t\t<div class=\"elementor-widget-container\">\n\t\t\t\t\t<iframe src=\"https:\/\/app.powerbi.com\/view?r=eyJrIjoiMWYyNDRiMzItODE4Ny00YjZiLTlmYjEtYzFiMThlNWMwNzVlIiwidCI6IjNiY2M5ZWJmLTYxNmYtNDFhZS1hNjM1LWM2YjFhMjBmNWJmZiJ9\" frameborder=\"0\" allowFullScreen=\"true\" width=\"100%\" height=\"1200\"><\/iframe>\t\t\t\t<\/div>\n\t\t\t\t<\/div>\n\t\t\t\t\t<\/div>\n\t\t<\/div>\n\t\t\t\t\t<\/div>\n\t\t<\/section>\n\t\t\t\t<\/div>\n\t\t","protected":false},"excerpt":{"rendered":"<p>Monitor de Seguridad Social para Am\u00e9rica (MoSSA) Presentaci\u00f3n Desde la Conferencia Interamericana de Seguridad Social (CISS), reconocemos la importancia de contar con sistemas de informaci\u00f3n que gu\u00eden el dise\u00f1o, implementaci\u00f3n y evaluaci\u00f3n de pol\u00edticas p\u00fablicas en materia de seguridad social en Am\u00e9rica. En este sentido, la CISS ha desarrollado el Monitor de Seguridad Social para Am\u00e9rica (MoSSA), con el objetivo de contribuir al seguimiento y documentaci\u00f3n de los sistemas de seguridad social a trav\u00e9s de una plataforma que recopila, integra y disemina indicadores estrat\u00e9gicos en la materia. El MoSSA es una plataforma que concentra un conjunto de indicadores estrat\u00e9gicos, de\u2026<\/p>\n","protected":false},"author":1,"featured_media":0,"parent":0,"menu_order":0,"comment_status":"closed","ping_status":"closed","template":"","meta":{"om_disable_all_campaigns":false,"_uf_show_specific_survey":0,"_uf_disable_surveys":false,"footnotes":""},"class_list":["post-2066","page","type-page","status-publish","hentry"],"blocksy_meta":"","_links":{"self":[{"href":"https:\/\/servicios.cnss.gob.do\/repositorio\/wp-json\/wp\/v2\/pages\/2066","targetHints":{"allow":["GET"]}}],"collection":[{"href":"https:\/\/servicios.cnss.gob.do\/repositorio\/wp-json\/wp\/v2\/pages"}],"about":[{"href":"https:\/\/servicios.cnss.gob.do\/repositorio\/wp-json\/wp\/v2\/types\/page"}],"author":[{"embeddable":true,"href":"https:\/\/servicios.cnss.gob.do\/repositorio\/wp-json\/wp\/v2\/users\/1"}],"replies":[{"embeddable":true,"href":"https:\/\/servicios.cnss.gob.do\/repositorio\/wp-json\/wp\/v2\/comments?post=2066"}],"version-history":[{"count":97,"href":"https:\/\/servicios.cnss.gob.do\/repositorio\/wp-json\/wp\/v2\/pages\/2066\/revisions"}],"predecessor-version":[{"id":3837,"href":"https:\/\/servicios.cnss.gob.do\/repositorio\/wp-json\/wp\/v2\/pages\/2066\/revisions\/3837"}],"wp:attachment":[{"href":"https:\/\/servicios.cnss.gob.do\/repositorio\/wp-json\/wp\/v2\/media?parent=2066"}],"curies":[{"name":"wp","href":"https:\/\/api.w.org\/{rel}","templated":true}]}}