{"id":25,"date":"2023-07-20T20:29:35","date_gmt":"2023-07-20T18:29:35","guid":{"rendered":"http:\/\/localhost\/repositorio\/?page_id=25"},"modified":"2023-11-14T22:05:02","modified_gmt":"2023-11-14T21:05:02","slug":"boletines-estadisticos","status":"publish","type":"page","link":"https:\/\/servicios.cnss.gob.do\/repositorio\/boletines-estadisticos\/","title":{"rendered":"Boletines Estad\u00edsticos"},"content":{"rendered":"\t\t<div data-elementor-type=\"wp-page\" data-elementor-id=\"25\" class=\"elementor elementor-25\">\n\t\t\t\t\t\t<section class=\"elementor-section elementor-inner-section elementor-element elementor-element-540ac91 elementor-section-boxed elementor-section-height-default elementor-section-height-default wpr-particle-no wpr-jarallax-no wpr-parallax-no wpr-sticky-section-no\" data-id=\"540ac91\" data-element_type=\"section\">\n\t\t\t\t\t\t<div class=\"elementor-container elementor-column-gap-extended\">\n\t\t\t\t\t<div class=\"elementor-column elementor-col-50 elementor-inner-column elementor-element elementor-element-dba5371\" data-id=\"dba5371\" data-element_type=\"column\">\n\t\t\t<div class=\"elementor-widget-wrap elementor-element-populated\">\n\t\t\t\t\t\t<div class=\"elementor-element elementor-element-5c7d03a elementor-position-top elementor-invisible elementor-widget elementor-widget-image-box\" data-id=\"5c7d03a\" data-element_type=\"widget\" data-settings=\"{&quot;_animation&quot;:&quot;zoomIn&quot;}\" data-widget_type=\"image-box.default\">\n\t\t\t\t<div class=\"elementor-widget-container\">\n\t\t\t\t\t<div class=\"elementor-image-box-wrapper\"><figure class=\"elementor-image-box-img\"><a href=\"https:\/\/servicios.cnss.gob.do\/repositorio\/boletines-mensuales\/\" tabindex=\"-1\"><img fetchpriority=\"high\" decoding=\"async\" width=\"491\" height=\"491\" src=\"https:\/\/servicios.cnss.gob.do\/repositorio\/wp-content\/uploads\/2023\/07\/pic-6.png\" class=\"attachment-full size-full wp-image-165\" alt=\"\" srcset=\"https:\/\/servicios.cnss.gob.do\/repositorio\/wp-content\/uploads\/2023\/07\/pic-6.png 491w, https:\/\/servicios.cnss.gob.do\/repositorio\/wp-content\/uploads\/2023\/07\/pic-6-300x300.png 300w, https:\/\/servicios.cnss.gob.do\/repositorio\/wp-content\/uploads\/2023\/07\/pic-6-150x150.png 150w\" sizes=\"(max-width: 491px) 100vw, 491px\" \/><\/a><\/figure><div class=\"elementor-image-box-content\"><h3 class=\"elementor-image-box-title\"><a href=\"https:\/\/servicios.cnss.gob.do\/repositorio\/boletines-mensuales\/\">Boletines Mensuales<\/a><\/h3><p class=\"elementor-image-box-description\">Documentos de an\u00e1lisis y difusi\u00f3n peri\u00f3dica de la informaci\u00f3n sanitaria.\n\n<\/p><\/div><\/div>\t\t\t\t<\/div>\n\t\t\t\t<\/div>\n\t\t\t\t\t<\/div>\n\t\t<\/div>\n\t\t\t\t<div class=\"elementor-column elementor-col-50 elementor-inner-column elementor-element elementor-element-28371b5\" data-id=\"28371b5\" data-element_type=\"column\">\n\t\t\t<div class=\"elementor-widget-wrap elementor-element-populated\">\n\t\t\t\t\t\t<div class=\"elementor-element elementor-element-6983623 elementor-position-top elementor-invisible elementor-widget elementor-widget-image-box\" data-id=\"6983623\" data-element_type=\"widget\" data-settings=\"{&quot;_animation&quot;:&quot;zoomIn&quot;}\" data-widget_type=\"image-box.default\">\n\t\t\t\t<div class=\"elementor-widget-container\">\n\t\t\t\t\t<div class=\"elementor-image-box-wrapper\"><figure class=\"elementor-image-box-img\"><a href=\"https:\/\/cnss.gob.do\/transparencia\/index.php\/en\/estadisticas\/informes-estadisticos-del-sdss\" target=\"_blank\" tabindex=\"-1\"><img decoding=\"async\" width=\"491\" height=\"491\" src=\"https:\/\/servicios.cnss.gob.do\/repositorio\/wp-content\/uploads\/2023\/07\/pic-8.png\" class=\"attachment-full size-full wp-image-166\" alt=\"\" srcset=\"https:\/\/servicios.cnss.gob.do\/repositorio\/wp-content\/uploads\/2023\/07\/pic-8.png 491w, https:\/\/servicios.cnss.gob.do\/repositorio\/wp-content\/uploads\/2023\/07\/pic-8-300x300.png 300w, https:\/\/servicios.cnss.gob.do\/repositorio\/wp-content\/uploads\/2023\/07\/pic-8-150x150.png 150w\" sizes=\"(max-width: 491px) 100vw, 491px\" \/><\/a><\/figure><div class=\"elementor-image-box-content\"><h3 class=\"elementor-image-box-title\"><a href=\"https:\/\/cnss.gob.do\/transparencia\/index.php\/en\/estadisticas\/informes-estadisticos-del-sdss\" target=\"_blank\">Boletines Trimestrales<\/a><\/h3><p class=\"elementor-image-box-description\">Estad\u00edsticas y reportes detallados en Gr\u00e1ficos PowerBI.<\/p><\/div><\/div>\t\t\t\t<\/div>\n\t\t\t\t<\/div>\n\t\t\t\t\t<\/div>\n\t\t<\/div>\n\t\t\t\t\t<\/div>\n\t\t<\/section>\n\t\t\t\t<\/div>\n\t\t","protected":false},"excerpt":{"rendered":"<p>Boletines Mensuales Documentos de an\u00e1lisis y difusi\u00f3n peri\u00f3dica de la informaci\u00f3n sanitaria. Boletines Trimestrales Estad\u00edsticas y reportes detallados en Gr\u00e1ficos PowerBI.<\/p>\n","protected":false},"author":1,"featured_media":0,"parent":0,"menu_order":0,"comment_status":"closed","ping_status":"closed","template":"","meta":{"om_disable_all_campaigns":false,"_uf_show_specific_survey":0,"_uf_disable_surveys":false,"footnotes":""},"class_list":["post-25","page","type-page","status-publish","hentry"],"blocksy_meta":"","_links":{"self":[{"href":"https:\/\/servicios.cnss.gob.do\/repositorio\/wp-json\/wp\/v2\/pages\/25","targetHints":{"allow":["GET"]}}],"collection":[{"href":"https:\/\/servicios.cnss.gob.do\/repositorio\/wp-json\/wp\/v2\/pages"}],"about":[{"href":"https:\/\/servicios.cnss.gob.do\/repositorio\/wp-json\/wp\/v2\/types\/page"}],"author":[{"embeddable":true,"href":"https:\/\/servicios.cnss.gob.do\/repositorio\/wp-json\/wp\/v2\/users\/1"}],"replies":[{"embeddable":true,"href":"https:\/\/servicios.cnss.gob.do\/repositorio\/wp-json\/wp\/v2\/comments?post=25"}],"version-history":[{"count":17,"href":"https:\/\/servicios.cnss.gob.do\/repositorio\/wp-json\/wp\/v2\/pages\/25\/revisions"}],"predecessor-version":[{"id":2030,"href":"https:\/\/servicios.cnss.gob.do\/repositorio\/wp-json\/wp\/v2\/pages\/25\/revisions\/2030"}],"wp:attachment":[{"href":"https:\/\/servicios.cnss.gob.do\/repositorio\/wp-json\/wp\/v2\/media?parent=25"}],"curies":[{"name":"wp","href":"https:\/\/api.w.org\/{rel}","templated":true}]}}