{"id":311,"date":"2023-07-21T16:58:35","date_gmt":"2023-07-21T14:58:35","guid":{"rendered":"https:\/\/servicios.cnss.gob.do\/repositorio\/?page_id=311"},"modified":"2023-11-20T22:06:57","modified_gmt":"2023-11-20T21:06:57","slug":"que-es-el-rss","status":"publish","type":"page","link":"https:\/\/servicios.cnss.gob.do\/repositorio\/que-es-el-rss\/","title":{"rendered":"\u00bfQu\u00e9 es el RSS?"},"content":{"rendered":"\t\t<div data-elementor-type=\"wp-page\" data-elementor-id=\"311\" class=\"elementor elementor-311\">\n\t\t\t\t\t\t<section class=\"elementor-section elementor-top-section elementor-element elementor-element-a29d8a0 elementor-section-boxed elementor-section-height-default elementor-section-height-default wpr-particle-no wpr-jarallax-no wpr-parallax-no wpr-sticky-section-no\" data-id=\"a29d8a0\" data-element_type=\"section\">\n\t\t\t\t\t\t<div class=\"elementor-container elementor-column-gap-default\">\n\t\t\t\t\t<div class=\"elementor-column elementor-col-50 elementor-top-column elementor-element elementor-element-b73daab\" data-id=\"b73daab\" data-element_type=\"column\">\n\t\t\t<div class=\"elementor-widget-wrap elementor-element-populated\">\n\t\t\t\t\t\t<div class=\"elementor-element elementor-element-233327e wpr-page-list-vertical wpr-pl-badge-center wpr-pl-icon-center elementor-widget elementor-widget-wpr-page-list\" data-id=\"233327e\" data-element_type=\"widget\" data-widget_type=\"wpr-page-list.default\">\n\t\t\t\t<div class=\"elementor-widget-container\">\n\t\t\t\t\t<div class=\"wpr-page-list-wrap\"><ul class=\"wpr-page-list\"><li class=\"wpr-page-list-item elementor-repeater-item-f9cb7d7 wpr-pointer-none wpr-pointer-line-fx wpr-pointer-fx-fade\"><div><a  href=\"https:\/\/servicios.cnss.gob.do\/repositorio\/que-es-el-rss\/\" class=\"wpr-no-pointer wpr-pl-title\">\u00bfQu\u00e9 es el RSS?<\/a><\/div><\/li><li class=\"wpr-page-list-item elementor-repeater-item-7e2ead6 wpr-pointer-none wpr-pointer-line-fx wpr-pointer-fx-fade\"><div><a  href=\"https:\/\/servicios.cnss.gob.do\/repositorio\/objetivos-del-rss\/\" class=\"wpr-no-pointer wpr-pl-title\">Objetivos del RSS<\/a><\/div><\/li><li class=\"wpr-page-list-item elementor-repeater-item-2572474 wpr-pointer-none wpr-pointer-line-fx wpr-pointer-fx-fade\"><div><a  href=\"https:\/\/servicios.cnss.gob.do\/repositorio\/usuarios-potenciales-del-rss\/\" class=\"wpr-no-pointer wpr-pl-title\">Usuarios potenciales del RSS<\/a><\/div><\/li><li class=\"wpr-page-list-item elementor-repeater-item-a0dccff wpr-pointer-none wpr-pointer-line-fx wpr-pointer-fx-fade\"><div><a  href=\"https:\/\/servicios.cnss.gob.do\/repositorio\/fuentes-de-informacion\/\" class=\"wpr-no-pointer wpr-pl-title\">Fuentes de informaci\u00f3n<\/a><\/div><\/li><\/ul><\/div>\t\t\t\t<\/div>\n\t\t\t\t<\/div>\n\t\t\t\t\t<\/div>\n\t\t<\/div>\n\t\t\t\t<div class=\"elementor-column elementor-col-50 elementor-top-column elementor-element elementor-element-95c9c9e\" data-id=\"95c9c9e\" data-element_type=\"column\">\n\t\t\t<div class=\"elementor-widget-wrap elementor-element-populated\">\n\t\t\t\t\t\t<div class=\"elementor-element elementor-element-23039cc1 elementor-widget elementor-widget-text-editor\" data-id=\"23039cc1\" data-element_type=\"widget\" data-widget_type=\"text-editor.default\">\n\t\t\t\t<div class=\"elementor-widget-container\">\n\t\t\t\t\t\t\t\t\t<p><\/p>\n<p>El Repositorio de la Seguridad Social (RSS), tiene el fin de maximizar la estrategia de visualizaci\u00f3n de datos y\/o estad\u00edsticas del SDSS, para garantizar la claridad de la informaci\u00f3n obtenida, construyendo as\u00ed, distintos indicadores para ser utilizados para la toma de decisiones. Las publicaciones producidas por el CNSS, son de acuerdo a establecido en la ley 87-01, sobre productos estad\u00edsticos y de gesti\u00f3n.<\/p>\n<p><\/p>\n<p>De este modo se va a dise\u00f1ar y desarrollar una nueva p\u00e1gina web que funja como repositorio de informaci\u00f3n y visor de paneles de datos del Sistema de Seguridad Social (SDSS). En este RSS, se gestionar\u00e1n contenidos propios del SDSS, utiliz\u00e1ndose como herramienta de informaci\u00f3n visualmente materializada, a trav\u00e9s de una estrategia de Inteligencia de negocios como el Power BI y, adem\u00e1s, la implementaci\u00f3n de estudios estad\u00edsticos producidos por el sistema.<\/p>\n<p><\/p>\n<p>El &#8220;Repositorio de Seguridad Social (RSS)\u201d, fungir\u00e1 como almac\u00e9n de datos estad\u00edstico en formato abierto, con el fin de integrar, almacenar y difundir todas las estad\u00edsticas oficiales y creando un almac\u00e9n de informaci\u00f3n \u00fanica, aplicando tecnolog\u00eda de un <strong><em>BI <\/em><\/strong>como autoservicio, como soporte fundamental.<\/p>\n<p><\/p>\n<p>El repositorio debe de estar soportado en una base de relacional que permita enlazarse con las bases de datos utilizadas el <strong>SDSS<\/strong>, que permita extraer, transformar y cargar los datos b\u00e1sicos, apoyar en la difusi\u00f3n y ofrecer servicios de informaci\u00f3n basado en modelos anal\u00edticos y de miner\u00eda de datos.<\/p>\n<p><\/p>\n<p>El repositorio debe de estar soportado en una base de relacional que permita enlazarse con las bases de datos utilizadas el <strong>SDSS<\/strong>, que permita extraer, transformar y cargar los datos b\u00e1sicos, apoyar en la difusi\u00f3n y ofrecer servicios de informaci\u00f3n basado en modelos anal\u00edticos y de miner\u00eda de datos.<\/p>\n<p><\/p>\n<h2 class=\"wp-block-heading\">El contenido del repositorio se enmarcar\u00e1 en los siguientes Seguros y bases de datos derivadas de los mismos:<\/h2>\n<p><\/p>\n<ul class=\"wp-block-list\">\n<li style=\"list-style-type: none;\">\n<ul><\/ul>\n<\/li>\n<\/ul>\n<p>\u00a0<\/p>\n<ul>\n<li style=\"list-style-type: none;\">\n<ul>\n<li>Seguro Familiar de Salud (SFS).<\/li>\n<\/ul>\n<\/li>\n<\/ul>\n<p><\/p>\n<ul>\n<li style=\"list-style-type: none;\">\n<ul>\n<li>Seguro de Vejez Discapacidad y Supervivencia (SVDS)<\/li>\n<\/ul>\n<\/li>\n<\/ul>\n<p><\/p>\n<ul>\n<li style=\"list-style-type: none;\">\n<ul>\n<li>Seguro de Riesgo Laboral (SRL)<\/li>\n<\/ul>\n<\/li>\n<\/ul>\n<p><\/p>\n<ul>\n<li style=\"list-style-type: none;\">\n<ul>\n<li>Seguimiento al usuario realizado por la Direcci\u00f3n General de Informaci\u00f3n y Defensa de los Afiliados a la Seguridad Social (DIDA)<\/li>\n<\/ul>\n<\/li>\n<\/ul>\n<p><\/p>\n<p><\/p>\t\t\t\t\t\t\t\t<\/div>\n\t\t\t\t<\/div>\n\t\t\t\t\t<\/div>\n\t\t<\/div>\n\t\t\t\t\t<\/div>\n\t\t<\/section>\n\t\t\t\t<\/div>\n\t\t","protected":false},"excerpt":{"rendered":"<p>\u00bfQu\u00e9 es el RSS? Objetivos del RSS Usuarios potenciales del RSS Fuentes de informaci\u00f3n El Repositorio de la Seguridad Social (RSS), tiene el fin de maximizar la estrategia de visualizaci\u00f3n de datos y\/o estad\u00edsticas del SDSS, para garantizar la claridad de la informaci\u00f3n obtenida, construyendo as\u00ed, distintos indicadores para ser utilizados para la toma de decisiones. Las publicaciones producidas por el CNSS, son de acuerdo a establecido en la ley 87-01, sobre productos estad\u00edsticos y de gesti\u00f3n. De este modo se va a dise\u00f1ar y desarrollar una nueva p\u00e1gina web que funja como repositorio de informaci\u00f3n y visor de paneles\u2026<\/p>\n","protected":false},"author":1,"featured_media":0,"parent":0,"menu_order":0,"comment_status":"closed","ping_status":"closed","template":"","meta":{"om_disable_all_campaigns":false,"_uf_show_specific_survey":0,"_uf_disable_surveys":false,"footnotes":""},"class_list":["post-311","page","type-page","status-publish","hentry"],"blocksy_meta":"","_links":{"self":[{"href":"https:\/\/servicios.cnss.gob.do\/repositorio\/wp-json\/wp\/v2\/pages\/311","targetHints":{"allow":["GET"]}}],"collection":[{"href":"https:\/\/servicios.cnss.gob.do\/repositorio\/wp-json\/wp\/v2\/pages"}],"about":[{"href":"https:\/\/servicios.cnss.gob.do\/repositorio\/wp-json\/wp\/v2\/types\/page"}],"author":[{"embeddable":true,"href":"https:\/\/servicios.cnss.gob.do\/repositorio\/wp-json\/wp\/v2\/users\/1"}],"replies":[{"embeddable":true,"href":"https:\/\/servicios.cnss.gob.do\/repositorio\/wp-json\/wp\/v2\/comments?post=311"}],"version-history":[{"count":39,"href":"https:\/\/servicios.cnss.gob.do\/repositorio\/wp-json\/wp\/v2\/pages\/311\/revisions"}],"predecessor-version":[{"id":2211,"href":"https:\/\/servicios.cnss.gob.do\/repositorio\/wp-json\/wp\/v2\/pages\/311\/revisions\/2211"}],"wp:attachment":[{"href":"https:\/\/servicios.cnss.gob.do\/repositorio\/wp-json\/wp\/v2\/media?parent=311"}],"curies":[{"name":"wp","href":"https:\/\/api.w.org\/{rel}","templated":true}]}}