{"id":317,"date":"2023-07-21T17:01:40","date_gmt":"2023-07-21T15:01:40","guid":{"rendered":"https:\/\/servicios.cnss.gob.do\/repositorio\/?page_id=317"},"modified":"2023-11-20T22:07:45","modified_gmt":"2023-11-20T21:07:45","slug":"objetivos-del-rss","status":"publish","type":"page","link":"https:\/\/servicios.cnss.gob.do\/repositorio\/objetivos-del-rss\/","title":{"rendered":"Objetivos del RSS"},"content":{"rendered":"\t\t<div data-elementor-type=\"wp-page\" data-elementor-id=\"317\" class=\"elementor elementor-317\">\n\t\t\t\t\t\t<section class=\"elementor-section elementor-top-section elementor-element elementor-element-005583d elementor-section-boxed elementor-section-height-default elementor-section-height-default wpr-particle-no wpr-jarallax-no wpr-parallax-no wpr-sticky-section-no\" data-id=\"005583d\" data-element_type=\"section\">\n\t\t\t\t\t\t<div class=\"elementor-container elementor-column-gap-default\">\n\t\t\t\t\t<div class=\"elementor-column elementor-col-50 elementor-top-column elementor-element elementor-element-15043ee\" data-id=\"15043ee\" data-element_type=\"column\">\n\t\t\t<div class=\"elementor-widget-wrap elementor-element-populated\">\n\t\t\t\t\t\t<div class=\"elementor-element elementor-element-3f7d853 wpr-page-list-vertical wpr-pl-badge-center wpr-pl-icon-center elementor-widget elementor-widget-wpr-page-list\" data-id=\"3f7d853\" data-element_type=\"widget\" data-widget_type=\"wpr-page-list.default\">\n\t\t\t\t<div class=\"elementor-widget-container\">\n\t\t\t\t\t<div class=\"wpr-page-list-wrap\"><ul class=\"wpr-page-list\"><li class=\"wpr-page-list-item elementor-repeater-item-f9cb7d7 wpr-pointer-none wpr-pointer-line-fx wpr-pointer-fx-fade\"><div><a  href=\"https:\/\/servicios.cnss.gob.do\/repositorio\/que-es-el-rss\/\" class=\"wpr-no-pointer wpr-pl-title\">\u00bfQu\u00e9 es el RSS?<\/a><\/div><\/li><li class=\"wpr-page-list-item elementor-repeater-item-7e2ead6 wpr-pointer-none wpr-pointer-line-fx wpr-pointer-fx-fade\"><div><a  href=\"https:\/\/servicios.cnss.gob.do\/repositorio\/objetivos-del-rss\/\" class=\"wpr-no-pointer wpr-pl-title\">Objetivos del RSS<\/a><\/div><\/li><li class=\"wpr-page-list-item elementor-repeater-item-2572474 wpr-pointer-none wpr-pointer-line-fx wpr-pointer-fx-fade\"><div><a  href=\"https:\/\/servicios.cnss.gob.do\/repositorio\/usuarios-potenciales-del-rss\/\" class=\"wpr-no-pointer wpr-pl-title\">Usuarios potenciales del RSS<\/a><\/div><\/li><li class=\"wpr-page-list-item elementor-repeater-item-a0dccff wpr-pointer-none wpr-pointer-line-fx wpr-pointer-fx-fade\"><div><a  href=\"https:\/\/servicios.cnss.gob.do\/repositorio\/fuentes-de-informacion\/\" class=\"wpr-no-pointer wpr-pl-title\">Fuentes de informaci\u00f3n<\/a><\/div><\/li><\/ul><\/div>\t\t\t\t<\/div>\n\t\t\t\t<\/div>\n\t\t\t\t\t<\/div>\n\t\t<\/div>\n\t\t\t\t<div class=\"elementor-column elementor-col-50 elementor-top-column elementor-element elementor-element-8c34a2a\" data-id=\"8c34a2a\" data-element_type=\"column\">\n\t\t\t<div class=\"elementor-widget-wrap elementor-element-populated\">\n\t\t\t\t\t\t<div class=\"elementor-element elementor-element-68e21e95 elementor-widget__width-initial elementor-widget elementor-widget-text-editor\" data-id=\"68e21e95\" data-element_type=\"widget\" data-widget_type=\"text-editor.default\">\n\t\t\t\t<div class=\"elementor-widget-container\">\n\t\t\t\t\t\t\t\t\t\n<ul class=\"wp-block-list\">\n<li>Hacer visible las informaciones estad\u00edsticas generadas por el Sistema Dominicano de Seguridad Social (SDSS) de una manera din\u00e1mica para la poblaci\u00f3n nacional y mundial.<\/li>\n\n\n\n<li><span style=\"background-color: transparent; color: var(--color); font-family: var(--fontFamily); font-size: var(--fontSize); font-style: var(--fontStyle, inherit); font-weight: var(--fontWeight); letter-spacing: var(--letterSpacing); text-transform: var(--textTransform);\">Incentivar a la investigaci\u00f3n de los usuarios potenciales, con la disponibilidad de los datos abiertos ofrecidos<\/span>.<\/li>\n\n\n\n<li><span style=\"background-color: transparent; color: var(--color); font-family: var(--fontFamily); font-size: var(--fontSize); font-style: var(--fontStyle, inherit); font-weight: var(--fontWeight); letter-spacing: var(--letterSpacing); text-transform: var(--textTransform);\">Aumentar la confianza de los usuarios, con datos confiables.Dar a conocer los conceptos propios del SDSS con el glosario de termino.<\/span><\/li>\n\n\n\n<li>Escoger una amplia gama de indicadores para an\u00e1lisis que permita realizar diferentes tipos de cruces, potencializando la diversidad de las informaciones.<\/li>\n<\/ul>\n\t\t\t\t\t\t\t\t<\/div>\n\t\t\t\t<\/div>\n\t\t\t\t\t<\/div>\n\t\t<\/div>\n\t\t\t\t\t<\/div>\n\t\t<\/section>\n\t\t\t\t<section class=\"elementor-section elementor-top-section elementor-element elementor-element-2b787d0f elementor-section-boxed elementor-section-height-default elementor-section-height-default wpr-particle-no wpr-jarallax-no wpr-parallax-no wpr-sticky-section-no\" data-id=\"2b787d0f\" data-element_type=\"section\">\n\t\t\t\t\t\t<div class=\"elementor-container elementor-column-gap-default\">\n\t\t\t\t\t<div class=\"elementor-column elementor-col-100 elementor-top-column elementor-element elementor-element-3f441c42\" data-id=\"3f441c42\" data-element_type=\"column\">\n\t\t\t<div class=\"elementor-widget-wrap\">\n\t\t\t\t\t\t\t<\/div>\n\t\t<\/div>\n\t\t\t\t\t<\/div>\n\t\t<\/section>\n\t\t\t\t<\/div>\n\t\t","protected":false},"excerpt":{"rendered":"<p>\u00bfQu\u00e9 es el RSS? Objetivos del RSS Usuarios potenciales del RSS Fuentes de informaci\u00f3n<\/p>\n","protected":false},"author":1,"featured_media":0,"parent":0,"menu_order":0,"comment_status":"closed","ping_status":"closed","template":"","meta":{"om_disable_all_campaigns":false,"_uf_show_specific_survey":0,"_uf_disable_surveys":false,"footnotes":""},"class_list":["post-317","page","type-page","status-publish","hentry"],"blocksy_meta":"","_links":{"self":[{"href":"https:\/\/servicios.cnss.gob.do\/repositorio\/wp-json\/wp\/v2\/pages\/317","targetHints":{"allow":["GET"]}}],"collection":[{"href":"https:\/\/servicios.cnss.gob.do\/repositorio\/wp-json\/wp\/v2\/pages"}],"about":[{"href":"https:\/\/servicios.cnss.gob.do\/repositorio\/wp-json\/wp\/v2\/types\/page"}],"author":[{"embeddable":true,"href":"https:\/\/servicios.cnss.gob.do\/repositorio\/wp-json\/wp\/v2\/users\/1"}],"replies":[{"embeddable":true,"href":"https:\/\/servicios.cnss.gob.do\/repositorio\/wp-json\/wp\/v2\/comments?post=317"}],"version-history":[{"count":39,"href":"https:\/\/servicios.cnss.gob.do\/repositorio\/wp-json\/wp\/v2\/pages\/317\/revisions"}],"predecessor-version":[{"id":2214,"href":"https:\/\/servicios.cnss.gob.do\/repositorio\/wp-json\/wp\/v2\/pages\/317\/revisions\/2214"}],"wp:attachment":[{"href":"https:\/\/servicios.cnss.gob.do\/repositorio\/wp-json\/wp\/v2\/media?parent=317"}],"curies":[{"name":"wp","href":"https:\/\/api.w.org\/{rel}","templated":true}]}}